{"id":18337,"date":"2025-05-15T16:51:08","date_gmt":"2025-05-15T16:51:08","guid":{"rendered":"https:\/\/cedthu.rwpstaging.site\/?page_id=18337"},"modified":"2025-05-15T16:52:00","modified_gmt":"2025-05-15T16:52:00","slug":"xxi-ikf-tehetsegprogram-gobi-rita","status":"publish","type":"page","link":"https:\/\/cedt.hu\/de\/xxi-ikf-tehetsegprogram-gobi-rita\/","title":{"rendered":"XXI. IKF+ TALENTPROGRAMM - G\u00d3BI RITA"},"content":{"rendered":"<div data-elementor-type=\"wp-page\" data-elementor-id=\"18337\" class=\"elementor elementor-18337\" data-elementor-post-type=\"page\">\n\t\t\t\t\t\t<section class=\"elementor-section elementor-top-section elementor-element elementor-element-8157ce3 elementor-section-boxed elementor-section-height-default elementor-section-height-default\" data-id=\"8157ce3\" data-element_type=\"section\" data-e-type=\"section\" data-settings=\"{&quot;background_background&quot;:&quot;classic&quot;}\">\n\t\t\t\t\t\t<div class=\"elementor-container elementor-column-gap-default\">\n\t\t\t\t\t<div class=\"elementor-column elementor-col-100 elementor-top-column elementor-element elementor-element-3cbf5779\" data-id=\"3cbf5779\" data-element_type=\"column\" data-e-type=\"column\">\n\t\t\t<div class=\"elementor-widget-wrap elementor-element-populated\">\n\t\t\t\t\t\t<div class=\"elementor-element elementor-element-56d806f elementor-widget elementor-widget-image\" data-id=\"56d806f\" data-element_type=\"widget\" data-e-type=\"widget\" data-widget_type=\"image.default\">\n\t\t\t\t<div class=\"elementor-widget-container\">\n\t\t\t\t\t\t\t\t\t\t\t\t\t\t\t<img fetchpriority=\"high\" decoding=\"async\" width=\"1706\" height=\"2048\" src=\"https:\/\/cedt.hu\/wp-content\/uploads\/2021\/05\/G\u00f3bi-Rita-portr\u00e9-Piti-Marcell_ff.jpg\" class=\"attachment-full size-full wp-image-7716\" alt=\"\" srcset=\"https:\/\/cedt.hu\/wp-content\/uploads\/2021\/05\/G\u00f3bi-Rita-portr\u00e9-Piti-Marcell_ff.jpg 1706w, https:\/\/cedt.hu\/wp-content\/uploads\/2021\/05\/G\u00f3bi-Rita-portr\u00e9-Piti-Marcell_ff-250x300.jpg 250w, https:\/\/cedt.hu\/wp-content\/uploads\/2021\/05\/G\u00f3bi-Rita-portr\u00e9-Piti-Marcell_ff-853x1024.jpg 853w, https:\/\/cedt.hu\/wp-content\/uploads\/2021\/05\/G\u00f3bi-Rita-portr\u00e9-Piti-Marcell_ff-768x922.jpg 768w, https:\/\/cedt.hu\/wp-content\/uploads\/2021\/05\/G\u00f3bi-Rita-portr\u00e9-Piti-Marcell_ff-1280x1536.jpg 1280w, https:\/\/cedt.hu\/wp-content\/uploads\/2021\/05\/G\u00f3bi-Rita-portr\u00e9-Piti-Marcell_ff-333x400.jpg 333w, https:\/\/cedt.hu\/wp-content\/uploads\/2021\/05\/G\u00f3bi-Rita-portr\u00e9-Piti-Marcell_ff-17x20.jpg 17w\" sizes=\"(max-width: 1706px) 100vw, 1706px\" \/>\t\t\t\t\t\t\t\t\t\t\t\t\t\t\t<\/div>\n\t\t\t\t<\/div>\n\t\t\t\t<div class=\"elementor-element elementor-element-4ebb2fa5 elementor-widget elementor-widget-text-editor\" data-id=\"4ebb2fa5\" data-element_type=\"widget\" data-e-type=\"widget\" data-widget_type=\"text-editor.default\">\n\t\t\t\t<div class=\"elementor-widget-container\">\n\t\t\t\t\t\t\t\t\t<div class=\"x11i5rnm xat24cr x1mh8g0r x1vvkbs xtlvy1s\"><div class=\"show-description\"><p>Falka<\/p><p>\u00a0<\/p><p>Go\u0301bi Rita az uto\u0301bbi e\u0301vekben fo\u030bleg befele\u0301 fo\u0301kusza\u0301lt, szo\u0301lo\u0301 elo\u030bada\u0301saiban az egye\u0301nnel, annak fizikai leheto\u030bse\u0301geivel e\u0301s o\u0308nmaga\u0301hoz valo\u0301 viszonya\u0301val foglalkozott. Ennek a belso\u030b u\u0301tnak a folytata\u0301sake\u0301nt, ezu\u0301ttal az individuum e\u0301s a ko\u0308zo\u0308sse\u0301g viszonya\u0301t vizsga\u0301lja. Mit jelent ko\u0308zo\u0308sse\u0301gben e\u0301lni? Mie\u0301rt ce\u0301lja az egye\u0301nnek az, hogy ko\u0308zo\u0308sse\u0301get tala\u0301ljon? Mie\u0301rt enged be valakit maga\u0301ba egy ko\u0308zo\u0308sse\u0301g, mi\u0301g ma\u0301sokat kiza\u0301r soraibo\u0301l? Vajon o\u0308nze\u0301sbo\u030bl vagy e\u0301ppen o\u0308nzetlense\u0301gbo\u030bl szeretne\u0301nk-e ko\u0308zo\u0308sse\u0301gben e\u0301lni? Mennyire ker\u00fclt\u00fcnk t\u00e1vol az \u0151si falka mentalit\u00e1st\u00f3l?<\/p><p>G\u00f3bi Rita t\u00e1ncm\u0171v\u00e9sz, koreogr\u00e1fus, t\u00e1ncpedag\u00f3gus, aki a t\u00e1ncnyelv saj\u00e1tos r\u00e9sz\u00e9t kutatja. A Vajdas\u00e1gban, \u00dajvid\u00e9ken sz\u00fcletett, itt kezdte t\u00e1nctanulm\u00e1nyait is, majd a Magyar T\u00e1ncm\u0171v\u00e9szeti F\u0151iskol\u00e1n diplom\u00e1zott Budapesten. P\u00e1ly\u00e1j\u00e1t a P\u00e9csi Balettn\u00e9l kezdte, majd \u201ebet\u00e1ncolta\u201d a f\u00fcggetlen t\u00e1ncszc\u00e9n\u00e1t \u2013 t\u00e1ncolt a Bozsik Yvette T\u00e1rsulattal, Szab\u00f3 R\u00e9ka T\u00fcnetEgy\u00fcttes\u00e9vel, az Andax\u00ednh\u00e1zzal, a Term\u00e9szetes V\u00e9szek Kollekt\u00edv\u00e1val \u00e9s a Duda \u00c9va T\u00e1rsulattal, majd 2006-ban megalap\u00edtotta a G\u00f3bi Rita T\u00e1rsulatot. T\u00f6bb teljes est\u00e9s koreogr\u00e1fi\u00e1t alkotott meg, az ut\u00f3bbi \u00e9vekben k\u00fclf\u00f6ldi partnerekkel.<\/p><p>Az ut\u00f3bbi \u00e9vekben alapvet\u0151en sz\u00f3l\u00f3 \u00e9s duett el\u0151ad\u00e1sokat koreograf\u00e1ltam, de m\u00e1r nagyon r\u00e9gi v\u00e1gyam, hogy a csoportdinamik\u00e1val foglalkozzak. F\u00fcggetlen alkot\u00f3k\u00e9nt nem tudok fenttartani egy nagyobb l\u00e9tsz\u00e1m\u00fa csapatot, el\u0151ad\u00e1st; csak a tan\u00edt\u00e1s \u00fatj\u00e1n tudom gyakorolni a nagyl\u00e9tsz\u00e1m\u00fa koreogr\u00e1fiai szerkeszt\u00e9st. \u00cdgy nagy lehet\u0151s\u00e9gnek tartom a K\u00f6z\u00e9p Eur\u00f3pa T\u00e1ncsz\u00ednh\u00e1z \u00e1ltal ki\u00edrt p\u00e1ly\u00e1zati lehet\u0151s\u00e9get. \u2013 G\u00f3bi Rita<\/p><p>A produkci\u00f3 l\u00e9trej\u00f6tt\u00e9t az EMMI t\u00e1mogatta.<\/p><\/div><\/div>\t\t\t\t\t\t\t\t<\/div>\n\t\t\t\t<\/div>\n\t\t\t\t<div class=\"elementor-element elementor-element-27675599 elementor-widget elementor-widget-heading\" data-id=\"27675599\" data-element_type=\"widget\" data-e-type=\"widget\" data-widget_type=\"heading.default\">\n\t\t\t\t<div class=\"elementor-widget-container\">\n\t\t\t\t\t<h2 class=\"elementor-heading-title elementor-size-default\">Sch\u00f6pfer<\/h2>\t\t\t\t<\/div>\n\t\t\t\t<\/div>\n\t\t\t\t<div class=\"elementor-element elementor-element-8d39f40 elementor-widget-divider--view-line elementor-widget elementor-widget-divider\" data-id=\"8d39f40\" data-element_type=\"widget\" data-e-type=\"widget\" data-widget_type=\"divider.default\">\n\t\t\t\t<div class=\"elementor-widget-container\">\n\t\t\t\t\t\t\t<div class=\"elementor-divider\">\n\t\t\t<span class=\"elementor-divider-separator\">\n\t\t\t\t\t\t<\/span>\n\t\t<\/div>\n\t\t\t\t\t\t<\/div>\n\t\t\t\t<\/div>\n\t\t\t\t<div class=\"elementor-element elementor-element-6f04a1a7 elementor-widget elementor-widget-text-editor\" data-id=\"6f04a1a7\" data-element_type=\"widget\" data-e-type=\"widget\" data-widget_type=\"text-editor.default\">\n\t\t\t\t<div class=\"elementor-widget-container\">\n\t\t\t\t\t\t\t\t\t<div class=\"show-actors\"><div id=\"nested-actors\"><div class=\"show-actors\"><div id=\"nested-actors\"><div><h3>Vortragende<\/h3><ul><li>Kriszti\u00e1n Barna<\/li><li>Lili\u00e1na Bozs\u00e1nyi<\/li><li>R\u00e9ka Gyevn\u00e1r<\/li><li>Adrienn Horv\u00e1th<\/li><li>Ren\u00e1ta Jo\u00f3<\/li><li>Kriszti\u00e1n Ungi<\/li><\/ul><\/div><div><h3>Licht<\/h3><ul><li>Zolt\u00e1n Fogarasi<\/li><\/ul><\/div><div><h3>Musik<\/h3><ul><li>L\u00e1szl\u00f3 M\u00e1di<\/li><\/ul><\/div><div><h3>Dramaturg<\/h3><ul><li>Somogyi Tam\u00e1s<\/li><\/ul><\/div><div><h3>Jelmez<\/h3><ul><li>M\u00e1k Petra<\/li><\/ul><\/div><div><h3>Choreograph<\/h3><ul><li>Rita G\u00f3bi<\/li><\/ul><\/div><div><h3>Portr\u00e4t<\/h3><ul><li>Piti Marcell<\/li><\/ul><\/div><\/div><\/div><\/div><\/div>\t\t\t\t\t\t\t\t<\/div>\n\t\t\t\t<\/div>\n\t\t\t\t\t<\/div>\n\t\t<\/div>\n\t\t\t\t\t<\/div>\n\t\t<\/section>\n\t\t\t\t<\/div>","protected":false},"excerpt":{"rendered":"<p>Falka \u00a0 Go\u0301bi Rita az uto\u0301bbi e\u0301vekben fo\u030bleg befele\u0301 fo\u0301kusza\u0301lt, szo\u0301lo\u0301 elo\u030bada\u0301saiban az egye\u0301nnel, annak fizikai leheto\u030bse\u0301geivel e\u0301s o\u0308nmaga\u0301hoz valo\u0301 viszonya\u0301val foglalkozott. Ennek a belso\u030b u\u0301tnak a folytata\u0301sake\u0301nt, ezu\u0301ttal az individuum e\u0301s a ko\u0308zo\u0308sse\u0301g viszonya\u0301t vizsga\u0301lja. Mit jelent ko\u0308zo\u0308sse\u0301gben e\u0301lni? Mie\u0301rt ce\u0301lja az egye\u0301nnek az, hogy ko\u0308zo\u0308sse\u0301get tala\u0301ljon? Mie\u0301rt enged be valakit maga\u0301ba egy ko\u0308zo\u0308sse\u0301g, [&hellip;]<\/p>\n","protected":false},"author":1,"featured_media":0,"parent":0,"menu_order":0,"comment_status":"closed","ping_status":"closed","template":"elementor_header_footer","meta":{"footnotes":""},"class_list":["post-18337","page","type-page","status-publish","hentry"],"_links":{"self":[{"href":"https:\/\/cedt.hu\/de\/wp-json\/wp\/v2\/pages\/18337","targetHints":{"allow":["GET"]}}],"collection":[{"href":"https:\/\/cedt.hu\/de\/wp-json\/wp\/v2\/pages"}],"about":[{"href":"https:\/\/cedt.hu\/de\/wp-json\/wp\/v2\/types\/page"}],"author":[{"embeddable":true,"href":"https:\/\/cedt.hu\/de\/wp-json\/wp\/v2\/users\/1"}],"replies":[{"embeddable":true,"href":"https:\/\/cedt.hu\/de\/wp-json\/wp\/v2\/comments?post=18337"}],"version-history":[{"count":0,"href":"https:\/\/cedt.hu\/de\/wp-json\/wp\/v2\/pages\/18337\/revisions"}],"wp:attachment":[{"href":"https:\/\/cedt.hu\/de\/wp-json\/wp\/v2\/media?parent=18337"}],"curies":[{"name":"wp","href":"https:\/\/api.w.org\/{rel}","templated":true}]}}