{"id":18304,"date":"2025-05-15T16:48:05","date_gmt":"2025-05-15T16:48:05","guid":{"rendered":"https:\/\/cedthu.rwpstaging.site\/?page_id=18304"},"modified":"2025-05-15T16:50:16","modified_gmt":"2025-05-15T16:50:16","slug":"xxii-ikf-tehetsegprogram-magda-skowron","status":"publish","type":"page","link":"https:\/\/cedt.hu\/de\/xxii-ikf-tehetsegprogram-magda-skowron\/","title":{"rendered":"XXII. IKF-Talentprogramm - Magda Skowron"},"content":{"rendered":"<div data-elementor-type=\"wp-page\" data-elementor-id=\"18304\" class=\"elementor elementor-18304\" data-elementor-post-type=\"page\">\n\t\t\t\t\t\t<section class=\"elementor-section elementor-top-section elementor-element elementor-element-7224ecbc elementor-section-boxed elementor-section-height-default elementor-section-height-default\" data-id=\"7224ecbc\" data-element_type=\"section\" data-e-type=\"section\" data-settings=\"{&quot;background_background&quot;:&quot;classic&quot;}\">\n\t\t\t\t\t\t<div class=\"elementor-container elementor-column-gap-default\">\n\t\t\t\t\t<div class=\"elementor-column elementor-col-100 elementor-top-column elementor-element elementor-element-47024eb7\" data-id=\"47024eb7\" data-element_type=\"column\" data-e-type=\"column\">\n\t\t\t<div class=\"elementor-widget-wrap elementor-element-populated\">\n\t\t\t\t\t\t<div class=\"elementor-element elementor-element-ee8a3fd elementor-widget elementor-widget-image\" data-id=\"ee8a3fd\" data-element_type=\"widget\" data-e-type=\"widget\" data-widget_type=\"image.default\">\n\t\t\t\t<div class=\"elementor-widget-container\">\n\t\t\t\t\t\t\t\t\t\t\t\t\t\t\t<img fetchpriority=\"high\" decoding=\"async\" width=\"1500\" height=\"997\" src=\"https:\/\/cedt.hu\/wp-content\/uploads\/2021\/11\/20IKF040.jpg\" class=\"attachment-full size-full wp-image-8074\" alt=\"\" srcset=\"https:\/\/cedt.hu\/wp-content\/uploads\/2021\/11\/20IKF040.jpg 1500w, https:\/\/cedt.hu\/wp-content\/uploads\/2021\/11\/20IKF040-300x199.jpg 300w, https:\/\/cedt.hu\/wp-content\/uploads\/2021\/11\/20IKF040-1024x681.jpg 1024w, https:\/\/cedt.hu\/wp-content\/uploads\/2021\/11\/20IKF040-768x510.jpg 768w, https:\/\/cedt.hu\/wp-content\/uploads\/2021\/11\/20IKF040-400x266.jpg 400w, https:\/\/cedt.hu\/wp-content\/uploads\/2021\/11\/20IKF040-20x13.jpg 20w\" sizes=\"(max-width: 1500px) 100vw, 1500px\" \/>\t\t\t\t\t\t\t\t\t\t\t\t\t\t\t<\/div>\n\t\t\t\t<\/div>\n\t\t\t\t<div class=\"elementor-element elementor-element-1f590c4e elementor-widget elementor-widget-text-editor\" data-id=\"1f590c4e\" data-element_type=\"widget\" data-e-type=\"widget\" data-widget_type=\"text-editor.default\">\n\t\t\t\t<div class=\"elementor-widget-container\">\n\t\t\t\t\t\t\t\t\t<div class=\"x11i5rnm xat24cr x1mh8g0r x1vvkbs xtlvy1s\"><div class=\"show-description\"><p>A KET \u00fagy d\u00f6nt\u00f6tt, hogy a t\u00e1rsulat folytatja a tavalyi IKF lengyel nyerteseivel val\u00f3 egy\u00fcttm\u0171k\u00f6d\u00e9st a 30 \u00e9ves V4 alkalm\u00e1b\u00f3l \u00e9s meginvit\u00e1lja a fiatal koreogr\u00e1fusokat, hogy imm\u00e1r szem\u00e9lyesen, b\u0151v\u00edts\u00e9k ki egy-egy eg\u00e9sz est\u00e9s el\u0151ad\u00e1ss\u00e1 tavalyi kre\u00e1ci\u00f3jukat. A mostani alkalommal Magdalena Skowron, a Krakk\u00f3i T\u00e1ncsz\u00ednh\u00e1z koreogr\u00e1fusa \u00e9s t\u00e1ncosa The Lungs of the Earth c\u00edmen k\u00e9sz\u00edti el munkabemutat\u00f3j\u00e1t, melyet a S\u0150T7 nyit\u00f3napj\u00e1n l\u00e1that a k\u00f6z\u00f6ns\u00e9g.<\/p><p>A The Lungs of The Earth c\u00edm\u0171 el\u0151ad\u00e1s a n\u00f6v\u00e9nyek, k\u00fcl\u00f6n\u00f6sen a f\u00e1k mozg\u00e1s\u00e1val, jelenl\u00e9t\u00e9vel \u00e9s l\u00e9gz\u00e9s\u00e9vel kapcsolatos t\u00e9m\u00e1kat j\u00e1r k\u00f6rbe. Egy olyan vil\u00e1gb\u00f3l \u00e9p\u00edtkezik, mely szavakkal nem \u00edrhat\u00f3 le egy\u00e1ltal\u00e1n. A t\u00e1ncosok a test\u00fck\u00f6n \u00e9s \u00e9rz\u00e9keiken kereszt\u00fcl pr\u00f3b\u00e1lj\u00e1k megtapasztalni a n\u00f6v\u00e9nyekben zajl\u00f3 folyamatokat: a leveg\u0151vel kombin\u00e1lt mozg\u00e1s, a l\u00e9legzet elm\u00e9ly\u00edt\u00e9se, a s\u00f3hajt\u00e1s, a f\u00e1k k\u00f6z\u00f6tti kapcsolatok, az oxig\u00e9n \u00e9s a sejtl\u00e9gz\u00e9s vagy az anyas\u00e1g az ember-n\u00f6v\u00e9ny kapcsolatban. Az el\u0151ad\u00e1s a mozg\u00e1son kereszt\u00fcl pr\u00f3b\u00e1lja meg kifejezni a f\u00e1k vil\u00e1gban val\u00f3 jelenl\u00e9t\u00e9t, a k\u00f6rnyezetre val\u00f3 hat\u00e1sukat vagy \u00e9pp a f\u00e1k \u201eb\u00e1tortalans\u00e1g\u00e1nak\u201d jelens\u00e9g\u00e9t. A kutat\u00e1shoz Eduardo Coccia The Life of Plants c\u00edm\u0171 k\u00f6nyv\u00e9nek sz\u00f6vegei ny\u00fajtottak inspir\u00e1ci\u00f3t.<\/p><p>\u201eA l\u00e9legzet nemcsak mozg\u00e1sban l\u00e9v\u0151 leveg\u0151, hanem villan\u00e1s, felfedez\u00e9s, a kinyilatkoztat\u00e1s eszk\u00f6ze. Logosz, nyelv, okozat. Minden \u00e9l\u0151l\u00e9ny l\u00e9legzete maga a n\u00f6v\u00e9ny, a vil\u00e1g: l\u00e9legzet. Egy ritmikus mozg\u00e1s, egy szab\u00e1lyos \u00e9s f\u00e1radhatatlan, zaj n\u00e9lk\u00fcli csendes hull\u00e1m ez, mely elmegy a horizont hat\u00e1r\u00e1ig, majd visszat\u00e9r hozz\u00e1nk, hogy test\u00fcnkbe \u00fctk\u00f6zz\u00f6n, hogy nagy robajjal felt\u00f6ltse t\u00fcd\u0151nket. Minden ism\u00e9tl\u00e9s, elm\u00e9ly\u00fcl\u00e9s \u00e9s v\u00e1ltoz\u00e1s, mag\u00e1ban a l\u00e9legzetben t\u00f6rt\u00e9nik.\u201d \/ Eduardo Coccia \/<\/p><\/div><\/div>\t\t\t\t\t\t\t\t<\/div>\n\t\t\t\t<\/div>\n\t\t\t\t<div class=\"elementor-element elementor-element-286abfcf elementor-widget elementor-widget-heading\" data-id=\"286abfcf\" data-element_type=\"widget\" data-e-type=\"widget\" data-widget_type=\"heading.default\">\n\t\t\t\t<div class=\"elementor-widget-container\">\n\t\t\t\t\t<h2 class=\"elementor-heading-title elementor-size-default\">Sch\u00f6pfer<\/h2>\t\t\t\t<\/div>\n\t\t\t\t<\/div>\n\t\t\t\t<div class=\"elementor-element elementor-element-749f61a2 elementor-widget-divider--view-line elementor-widget elementor-widget-divider\" data-id=\"749f61a2\" data-element_type=\"widget\" data-e-type=\"widget\" data-widget_type=\"divider.default\">\n\t\t\t\t<div class=\"elementor-widget-container\">\n\t\t\t\t\t\t\t<div class=\"elementor-divider\">\n\t\t\t<span class=\"elementor-divider-separator\">\n\t\t\t\t\t\t<\/span>\n\t\t<\/div>\n\t\t\t\t\t\t<\/div>\n\t\t\t\t<\/div>\n\t\t\t\t<div class=\"elementor-element elementor-element-2d6f0d6d elementor-widget elementor-widget-text-editor\" data-id=\"2d6f0d6d\" data-element_type=\"widget\" data-e-type=\"widget\" data-widget_type=\"text-editor.default\">\n\t\t\t\t<div class=\"elementor-widget-container\">\n\t\t\t\t\t\t\t\t\t<div class=\"show-actors\"><div id=\"nested-actors\"><div class=\"show-actors\"><div id=\"nested-actors\"><div><h3>Vortragende<\/h3><ul><li>Kriszti\u00e1n Barna<\/li><li>D\u00e1vid Dab\u00f3czi<\/li><li>R\u00e9ka Gyevn\u00e1r<\/li><li>Ren\u00e1ta Jo\u00f3<\/li><li>Kriszti\u00e1n Ungi<\/li><li>\u00e9s a KET gyakornokai, a Magyar T\u00e1ncm\u0171v\u00e9szeti Egyetem Modernt\u00e1nc Tansz\u00e9k hallgat\u00f3i:<\/li><li>B\u00e1rsony Bogl\u00e1rka<\/li><li>Edmond Kisbakonyi<\/li><li>Lentulai Hanna<\/li><li>Ny\u00e1ri Gerg\u0151<\/li><\/ul><\/div><div><h3>Licht<\/h3><ul><li>Zolt\u00e1n Fogarasi<\/li><li>L\u00e1szl\u00f3 M\u00e1di<\/li><\/ul><\/div><div><h3>Musik<\/h3><ul><li>\u00d6zg\u00fcr Ede<\/li><\/ul><\/div><div><h3>Choreograph<\/h3><ul><li>Magda Skowron (Niedzielska)<\/li><\/ul><\/div><\/div><\/div><\/div><\/div>\t\t\t\t\t\t\t\t<\/div>\n\t\t\t\t<\/div>\n\t\t\t\t<div class=\"elementor-element elementor-element-1dcc7ea elementor-widget elementor-widget-heading\" data-id=\"1dcc7ea\" data-element_type=\"widget\" data-e-type=\"widget\" data-widget_type=\"heading.default\">\n\t\t\t\t<div class=\"elementor-widget-container\">\n\t\t\t\t\t<h2 class=\"elementor-heading-title elementor-size-default\">XXII. IKF-Talentprogramm - Magda Skowron<\/h2>\t\t\t\t<\/div>\n\t\t\t\t<\/div>\n\t\t\t\t<div class=\"elementor-element elementor-element-d4d2def elementor-widget elementor-widget-gallery\" data-id=\"d4d2def\" data-element_type=\"widget\" data-e-type=\"widget\" data-settings=\"{&quot;columns&quot;:3,&quot;lazyload&quot;:&quot;yes&quot;,&quot;gallery_layout&quot;:&quot;grid&quot;,&quot;columns_tablet&quot;:2,&quot;columns_mobile&quot;:1,&quot;gap&quot;:{&quot;unit&quot;:&quot;px&quot;,&quot;size&quot;:10,&quot;sizes&quot;:[]},&quot;gap_tablet&quot;:{&quot;unit&quot;:&quot;px&quot;,&quot;size&quot;:10,&quot;sizes&quot;:[]},&quot;gap_mobile&quot;:{&quot;unit&quot;:&quot;px&quot;,&quot;size&quot;:10,&quot;sizes&quot;:[]},&quot;link_to&quot;:&quot;file&quot;,&quot;aspect_ratio&quot;:&quot;3:2&quot;,&quot;overlay_background&quot;:&quot;yes&quot;,&quot;content_hover_animation&quot;:&quot;fade-in&quot;}\" data-widget_type=\"gallery.default\">\n\t\t\t\t<div class=\"elementor-widget-container\">\n\t\t\t\t\t\t\t<div class=\"elementor-gallery__container\">\n\t\t\t\t\t\t\t<a class=\"e-gallery-item elementor-gallery-item elementor-animated-content\" href=\"https:\/\/cedt.hu\/wp-content\/uploads\/2021\/11\/TLoTE013.jpg\" data-elementor-open-lightbox=\"yes\" data-elementor-lightbox-slideshow=\"d4d2def\" data-elementor-lightbox-title=\"TLoTE013\" data-e-action-hash=\"#elementor-action%3Aaction%3Dlightbox%26settings%3DeyJpZCI6ODEwMSwidXJsIjoiaHR0cHM6XC9cL2NlZHQuaHVcL3dwLWNvbnRlbnRcL3VwbG9hZHNcLzIwMjFcLzExXC9UTG9URTAxMy5qcGciLCJzbGlkZXNob3ciOiJkNGQyZGVmIn0%3D\">\n\t\t\t\t\t<div class=\"e-gallery-image elementor-gallery-item__image\" data-thumbnail=\"https:\/\/cedt.hu\/wp-content\/uploads\/2021\/11\/TLoTE013-300x202.jpg\" data-width=\"300\" data-height=\"202\" aria-label=\"\" role=\"img\" ><\/div>\n\t\t\t\t\t\t\t\t\t\t\t<div class=\"elementor-gallery-item__overlay\"><\/div>\n\t\t\t\t\t\t\t\t\t\t\t\t\t\t<\/a>\n\t\t\t\t\t\t\t<a class=\"e-gallery-item elementor-gallery-item elementor-animated-content\" href=\"https:\/\/cedt.hu\/wp-content\/uploads\/2021\/11\/TLoTE074.jpg\" data-elementor-open-lightbox=\"yes\" data-elementor-lightbox-slideshow=\"d4d2def\" data-elementor-lightbox-title=\"TLoTE074\" data-e-action-hash=\"#elementor-action%3Aaction%3Dlightbox%26settings%3DeyJpZCI6ODEwNCwidXJsIjoiaHR0cHM6XC9cL2NlZHQuaHVcL3dwLWNvbnRlbnRcL3VwbG9hZHNcLzIwMjFcLzExXC9UTG9URTA3NC5qcGciLCJzbGlkZXNob3ciOiJkNGQyZGVmIn0%3D\">\n\t\t\t\t\t<div class=\"e-gallery-image elementor-gallery-item__image\" data-thumbnail=\"https:\/\/cedt.hu\/wp-content\/uploads\/2021\/11\/TLoTE074-300x200.jpg\" data-width=\"300\" data-height=\"200\" aria-label=\"\" role=\"img\" ><\/div>\n\t\t\t\t\t\t\t\t\t\t\t<div class=\"elementor-gallery-item__overlay\"><\/div>\n\t\t\t\t\t\t\t\t\t\t\t\t\t\t<\/a>\n\t\t\t\t\t\t\t<a class=\"e-gallery-item elementor-gallery-item elementor-animated-content\" href=\"https:\/\/cedt.hu\/wp-content\/uploads\/2021\/11\/TLoTE108.jpg\" data-elementor-open-lightbox=\"yes\" data-elementor-lightbox-slideshow=\"d4d2def\" data-elementor-lightbox-title=\"TLoTE108\" data-e-action-hash=\"#elementor-action%3Aaction%3Dlightbox%26settings%3DeyJpZCI6ODEwNiwidXJsIjoiaHR0cHM6XC9cL2NlZHQuaHVcL3dwLWNvbnRlbnRcL3VwbG9hZHNcLzIwMjFcLzExXC9UTG9URTEwOC5qcGciLCJzbGlkZXNob3ciOiJkNGQyZGVmIn0%3D\">\n\t\t\t\t\t<div class=\"e-gallery-image elementor-gallery-item__image\" data-thumbnail=\"https:\/\/cedt.hu\/wp-content\/uploads\/2021\/11\/TLoTE108-300x200.jpg\" data-width=\"300\" data-height=\"200\" aria-label=\"\" role=\"img\" ><\/div>\n\t\t\t\t\t\t\t\t\t\t\t<div class=\"elementor-gallery-item__overlay\"><\/div>\n\t\t\t\t\t\t\t\t\t\t\t\t\t\t<\/a>\n\t\t\t\t\t<\/div>\n\t\t\t\t\t<\/div>\n\t\t\t\t<\/div>\n\t\t\t\t<div class=\"elementor-element elementor-element-2d0e880a elementor-widget elementor-widget-heading\" data-id=\"2d0e880a\" data-element_type=\"widget\" data-e-type=\"widget\" data-widget_type=\"heading.default\">\n\t\t\t\t<div class=\"elementor-widget-container\">\n\t\t\t\t\t<h2 class=\"elementor-heading-title elementor-size-default\">Verwandte Pressemitteilungen<\/h2>\t\t\t\t<\/div>\n\t\t\t\t<\/div>\n\t\t\t\t<div class=\"elementor-element elementor-element-64d4fb14 elementor-widget-divider--view-line elementor-widget elementor-widget-divider\" data-id=\"64d4fb14\" data-element_type=\"widget\" data-e-type=\"widget\" data-widget_type=\"divider.default\">\n\t\t\t\t<div class=\"elementor-widget-container\">\n\t\t\t\t\t\t\t<div class=\"elementor-divider\">\n\t\t\t<span class=\"elementor-divider-separator\">\n\t\t\t\t\t\t<\/span>\n\t\t<\/div>\n\t\t\t\t\t\t<\/div>\n\t\t\t\t<\/div>\n\t\t\t\t<div class=\"elementor-element elementor-element-6219a6e5 elementor-widget elementor-widget-text-editor\" data-id=\"6219a6e5\" data-element_type=\"widget\" data-e-type=\"widget\" data-widget_type=\"text-editor.default\">\n\t\t\t\t<div class=\"elementor-widget-container\">\n\t\t\t\t\t\t\t\t\t<div class=\"pressauthor\"><div class=\"pressauthor\"><div class=\"pressauthor\">Katalin L\u0151rinc:\u00a0 <a href=\"https:\/\/www.tanckritika.hu\/kategoriak\/kritika\/1647-lorinc-katalin-sot7-hullamok-hatan\">Auf dem R\u00fccken der Wellen\u00a0 <\/a>(T\u00e1nckritika.hu) <span style=\"font-family: -apple-system, BlinkMacSystemFont, 'Segoe UI', Roboto, 'Helvetica Neue', Arial, 'Noto Sans', sans-serif, 'Apple Color Emoji', 'Segoe UI Emoji', 'Segoe UI Symbol', 'Noto Color Emoji';\">&#8211; 02\/12\/2021 <\/span><span style=\"font-family: -apple-system, BlinkMacSystemFont, 'Segoe UI', Roboto, 'Helvetica Neue', Arial, 'Noto Sans', sans-serif, 'Apple Color Emoji', 'Segoe UI Emoji', 'Segoe UI Symbol', 'Noto Color Emoji';\">\u2026fontos fesztiv\u00e1lf\u00f3kusz a legfiatalabb, t\u00f6bb esetben m\u00e9g csak leend\u0151 m\u0171v\u00e9szeknek, alkot\u00f3knak ny\u00fajtott megmutatkoz\u00e1si lehet\u0151s\u00e9g.<\/span><\/div><\/div><\/div>\t\t\t\t\t\t\t\t<\/div>\n\t\t\t\t<\/div>\n\t\t\t\t\t<\/div>\n\t\t<\/div>\n\t\t\t\t\t<\/div>\n\t\t<\/section>\n\t\t\t\t<\/div>","protected":false},"excerpt":{"rendered":"<p>A KET \u00fagy d\u00f6nt\u00f6tt, hogy a t\u00e1rsulat folytatja a tavalyi IKF lengyel nyerteseivel val\u00f3 egy\u00fcttm\u0171k\u00f6d\u00e9st a 30 \u00e9ves V4 alkalm\u00e1b\u00f3l \u00e9s meginvit\u00e1lja a fiatal koreogr\u00e1fusokat, hogy imm\u00e1r szem\u00e9lyesen, b\u0151v\u00edts\u00e9k ki egy-egy eg\u00e9sz est\u00e9s el\u0151ad\u00e1ss\u00e1 tavalyi kre\u00e1ci\u00f3jukat. A mostani alkalommal Magdalena Skowron, a Krakk\u00f3i T\u00e1ncsz\u00ednh\u00e1z koreogr\u00e1fusa \u00e9s t\u00e1ncosa The Lungs of the Earth c\u00edmen k\u00e9sz\u00edti el [&hellip;]<\/p>\n","protected":false},"author":1,"featured_media":0,"parent":0,"menu_order":0,"comment_status":"closed","ping_status":"closed","template":"elementor_header_footer","meta":{"footnotes":""},"class_list":["post-18304","page","type-page","status-publish","hentry"],"_links":{"self":[{"href":"https:\/\/cedt.hu\/de\/wp-json\/wp\/v2\/pages\/18304","targetHints":{"allow":["GET"]}}],"collection":[{"href":"https:\/\/cedt.hu\/de\/wp-json\/wp\/v2\/pages"}],"about":[{"href":"https:\/\/cedt.hu\/de\/wp-json\/wp\/v2\/types\/page"}],"author":[{"embeddable":true,"href":"https:\/\/cedt.hu\/de\/wp-json\/wp\/v2\/users\/1"}],"replies":[{"embeddable":true,"href":"https:\/\/cedt.hu\/de\/wp-json\/wp\/v2\/comments?post=18304"}],"version-history":[{"count":0,"href":"https:\/\/cedt.hu\/de\/wp-json\/wp\/v2\/pages\/18304\/revisions"}],"wp:attachment":[{"href":"https:\/\/cedt.hu\/de\/wp-json\/wp\/v2\/media?parent=18304"}],"curies":[{"name":"wp","href":"https:\/\/api.w.org\/{rel}","templated":true}]}}