{"id":17969,"date":"2025-05-15T13:50:42","date_gmt":"2025-05-15T13:50:42","guid":{"rendered":"https:\/\/cedthu.rwpstaging.site\/?page_id=17969"},"modified":"2025-05-15T13:56:32","modified_gmt":"2025-05-15T13:56:32","slug":"insoundout","status":"publish","type":"page","link":"https:\/\/cedt.hu\/de\/insoundout\/","title":{"rendered":"InSoundOut"},"content":{"rendered":"<div data-elementor-type=\"wp-page\" data-elementor-id=\"17969\" class=\"elementor elementor-17969\" data-elementor-post-type=\"page\">\n\t\t\t\t\t\t<section class=\"elementor-section elementor-top-section elementor-element elementor-element-1ee5cfce elementor-section-boxed elementor-section-height-default elementor-section-height-default\" data-id=\"1ee5cfce\" data-element_type=\"section\" data-e-type=\"section\" data-settings=\"{&quot;background_background&quot;:&quot;classic&quot;}\">\n\t\t\t\t\t\t<div class=\"elementor-container elementor-column-gap-default\">\n\t\t\t\t\t<div class=\"elementor-column elementor-col-100 elementor-top-column elementor-element elementor-element-4beebfb\" data-id=\"4beebfb\" data-element_type=\"column\" data-e-type=\"column\">\n\t\t\t<div class=\"elementor-widget-wrap elementor-element-populated\">\n\t\t\t\t\t\t<div class=\"elementor-element elementor-element-1e4c5e7e elementor-widget elementor-widget-image\" data-id=\"1e4c5e7e\" data-element_type=\"widget\" data-e-type=\"widget\" data-widget_type=\"image.default\">\n\t\t\t\t<div class=\"elementor-widget-container\">\n\t\t\t\t\t\t\t\t\t\t\t\t\t\t\t<img fetchpriority=\"high\" decoding=\"async\" width=\"500\" height=\"333\" src=\"https:\/\/cedt.hu\/wp-content\/uploads\/2017\/02\/MG_6558.jpg\" class=\"attachment-full size-full wp-image-3072\" alt=\"\" srcset=\"https:\/\/cedt.hu\/wp-content\/uploads\/2017\/02\/MG_6558.jpg 500w, https:\/\/cedt.hu\/wp-content\/uploads\/2017\/02\/MG_6558-300x200.jpg 300w, https:\/\/cedt.hu\/wp-content\/uploads\/2017\/02\/MG_6558-400x266.jpg 400w, https:\/\/cedt.hu\/wp-content\/uploads\/2017\/02\/MG_6558-20x13.jpg 20w\" sizes=\"(max-width: 500px) 100vw, 500px\" \/>\t\t\t\t\t\t\t\t\t\t\t\t\t\t\t<\/div>\n\t\t\t\t<\/div>\n\t\t\t\t<div class=\"elementor-element elementor-element-2f4cd05e elementor-widget elementor-widget-text-editor\" data-id=\"2f4cd05e\" data-element_type=\"widget\" data-e-type=\"widget\" data-widget_type=\"text-editor.default\">\n\t\t\t\t<div class=\"elementor-widget-container\">\n\t\t\t\t\t\t\t\t\t<div class=\"x11i5rnm xat24cr x1mh8g0r x1vvkbs xtlvy1s\"><div class=\"show-description\"><p>Wer ist ein T\u00e4nzer, wenn er nicht tanzt? Was macht seine Pers\u00f6nlichkeit aus, wie kann der entbl\u00f6\u00dfte menschliche Charakter auf der B\u00fchne als T\u00e4nzer dargestellt werden, ohne zu tanzen?<\/p><p><i>\u201eMinden, ami l\u00e9tezik, egyed\u00fcl \u00e9s teljes eg\u00e9sz\u00e9ben a hangnak k\u00f6sz\u00f6nheti l\u00e9tez\u00e9s\u00e9t. A hang tart mindent \u00f6ssze. A hang az alap, az alak \u00e9s a forma. Az elej\u00e9n volt a sz\u00f3, \u00e9s a sz\u00f3 volt az isten. Azt mondj\u00e1k, hogy \u00edgy kezd\u0151d\u00f6tt a vil\u00e1g, \u00e9s \u00edgy \u00f6lt\u00f6tt alakot a teremt\u00e9s. Manaps\u00e1g ezt \u00fagy mondan\u00e1nk bele a t\u00e9r hatalmas \u00fcress\u00e9g\u00e9be: j\u00f6tt egy hang, \u00e9s az anyag alakot \u00f6lt\u00f6tt.\u201d\u00a0<\/i>(Dr. Peter Guy Manners)<\/p><p>M\u00e9sz\u00e1ros M\u00e1t\u00e9 a T\u00e1ncm\u0171v\u00e9szeti F\u0151iskola elv\u00e9gz\u00e9se ut\u00e1n a Szegedi Kort\u00e1rs Balett tagja lett, majd k\u00fclf\u00f6ldre ment, ahol olyan vil\u00e1gh\u00edr\u0171 koreogr\u00e1fusokkal dolgozott egy\u00fctt, mint Ohad Naharin, Wim Vandekeybus, Sharon Eyal, Amanda Miller, Roberto Galvan, Myriam Naisy, Robin Orlin. 6 \u00e9vig volt a belga fizikai sz\u00ednh\u00e1z, az Ultima Vez t\u00e1rsulat\u00e1nak tagja, jelenleg szabad\u00fasz\u00f3 alkot\u00f3k\u00e9nt \u00e9s megh\u00edvott koreogr\u00e1fusk\u00e9nt dolgozik. Id\u00e9n novemberben k\u00e9sz\u00fcl bemutatni \u00faj produkci\u00f3j\u00e1t, melynek koprodukci\u00f3s partnerei a S\u00cdN Kultur\u00e1lis K\u00f6zpont \u00e9s a Traf\u00f3.<\/p><\/div><\/div>\t\t\t\t\t\t\t\t<\/div>\n\t\t\t\t<\/div>\n\t\t\t\t<div class=\"elementor-element elementor-element-38728b5a elementor-widget elementor-widget-heading\" data-id=\"38728b5a\" data-element_type=\"widget\" data-e-type=\"widget\" data-widget_type=\"heading.default\">\n\t\t\t\t<div class=\"elementor-widget-container\">\n\t\t\t\t\t<h2 class=\"elementor-heading-title elementor-size-default\">Sch\u00f6pfer<\/h2>\t\t\t\t<\/div>\n\t\t\t\t<\/div>\n\t\t\t\t<div class=\"elementor-element elementor-element-72b47f81 elementor-widget-divider--view-line elementor-widget elementor-widget-divider\" data-id=\"72b47f81\" data-element_type=\"widget\" data-e-type=\"widget\" data-widget_type=\"divider.default\">\n\t\t\t\t<div class=\"elementor-widget-container\">\n\t\t\t\t\t\t\t<div class=\"elementor-divider\">\n\t\t\t<span class=\"elementor-divider-separator\">\n\t\t\t\t\t\t<\/span>\n\t\t<\/div>\n\t\t\t\t\t\t<\/div>\n\t\t\t\t<\/div>\n\t\t\t\t<div class=\"elementor-element elementor-element-140de44d elementor-widget elementor-widget-text-editor\" data-id=\"140de44d\" data-element_type=\"widget\" data-e-type=\"widget\" data-widget_type=\"text-editor.default\">\n\t\t\t\t<div class=\"elementor-widget-container\">\n\t\t\t\t\t\t\t\t\t<div class=\"show-actors\"><div id=\"nested-actors\"><div><div class=\"show-actors\"><div id=\"nested-actors\"><div><div><h3>El\u0151ad\u00f3 \u00e9s alkot\u00f3t\u00e1rs<\/h3><ul><li>L\u00e1szl\u00f3 M\u00e1di<\/li><\/ul><\/div><div><h3>D\u00edszlet<\/h3><ul><li>M\u00e1t\u00e9 M\u00e9sz\u00e1ros<\/li><\/ul><\/div><div><h3>Licht<\/h3><ul><li>Zolt\u00e1n Fogarasi<\/li><li>M\u00e1t\u00e9 M\u00e9sz\u00e1ros<\/li><\/ul><\/div><div><h3>Szakmai konzult\u00e1ns<\/h3><ul><li>David Mik\u00f3<\/li><\/ul><\/div><div><h3>Komponist<\/h3><ul><li>L\u00e1szl\u00f3 M\u00e1di<\/li><\/ul><\/div><div><h3>Choreograph<\/h3><ul><li>M\u00e1t\u00e9 M\u00e9sz\u00e1ros<\/li><\/ul><\/div><\/div><\/div><\/div><\/div><\/div><\/div>\t\t\t\t\t\t\t\t<\/div>\n\t\t\t\t<\/div>\n\t\t\t\t<div class=\"elementor-element elementor-element-28cb0c44 elementor-widget elementor-widget-gallery\" data-id=\"28cb0c44\" data-element_type=\"widget\" data-e-type=\"widget\" data-settings=\"{&quot;columns&quot;:3,&quot;lazyload&quot;:&quot;yes&quot;,&quot;gallery_layout&quot;:&quot;grid&quot;,&quot;columns_tablet&quot;:2,&quot;columns_mobile&quot;:1,&quot;gap&quot;:{&quot;unit&quot;:&quot;px&quot;,&quot;size&quot;:10,&quot;sizes&quot;:[]},&quot;gap_tablet&quot;:{&quot;unit&quot;:&quot;px&quot;,&quot;size&quot;:10,&quot;sizes&quot;:[]},&quot;gap_mobile&quot;:{&quot;unit&quot;:&quot;px&quot;,&quot;size&quot;:10,&quot;sizes&quot;:[]},&quot;link_to&quot;:&quot;file&quot;,&quot;aspect_ratio&quot;:&quot;3:2&quot;,&quot;overlay_background&quot;:&quot;yes&quot;,&quot;content_hover_animation&quot;:&quot;fade-in&quot;}\" data-widget_type=\"gallery.default\">\n\t\t\t\t<div class=\"elementor-widget-container\">\n\t\t\t\t\t\t\t<div class=\"elementor-gallery__container\">\n\t\t\t\t\t\t\t<a class=\"e-gallery-item elementor-gallery-item elementor-animated-content\" href=\"https:\/\/cedt.hu\/wp-content\/uploads\/2017\/02\/ISO_123.jpg\" data-elementor-open-lightbox=\"yes\" data-elementor-lightbox-slideshow=\"28cb0c44\" data-elementor-lightbox-title=\"ISO_123\" data-e-action-hash=\"#elementor-action%3Aaction%3Dlightbox%26settings%3DeyJpZCI6MzczOCwidXJsIjoiaHR0cHM6XC9cL2NlZHQuaHVcL3dwLWNvbnRlbnRcL3VwbG9hZHNcLzIwMTdcLzAyXC9JU09fMTIzLmpwZyIsInNsaWRlc2hvdyI6IjI4Y2IwYzQ0In0%3D\">\n\t\t\t\t\t<div class=\"e-gallery-image elementor-gallery-item__image\" data-thumbnail=\"https:\/\/cedt.hu\/wp-content\/uploads\/2017\/02\/ISO_123-200x300.jpg\" data-width=\"200\" data-height=\"300\" aria-label=\"\" role=\"img\" ><\/div>\n\t\t\t\t\t\t\t\t\t\t\t<div class=\"elementor-gallery-item__overlay\"><\/div>\n\t\t\t\t\t\t\t\t\t\t\t\t\t\t<\/a>\n\t\t\t\t\t\t\t<a class=\"e-gallery-item elementor-gallery-item elementor-animated-content\" href=\"https:\/\/cedt.hu\/wp-content\/uploads\/2017\/02\/ISO_126.jpg\" data-elementor-open-lightbox=\"yes\" data-elementor-lightbox-slideshow=\"28cb0c44\" data-elementor-lightbox-title=\"Dusa G\u00e1bor: InSoundOut\" data-elementor-lightbox-description=\"Dusa G\u00e1bor: InSoundOut\" data-e-action-hash=\"#elementor-action%3Aaction%3Dlightbox%26settings%3DeyJpZCI6MzczOSwidXJsIjoiaHR0cHM6XC9cL2NlZHQuaHVcL3dwLWNvbnRlbnRcL3VwbG9hZHNcLzIwMTdcLzAyXC9JU09fMTI2LmpwZyIsInNsaWRlc2hvdyI6IjI4Y2IwYzQ0In0%3D\">\n\t\t\t\t\t<div class=\"e-gallery-image elementor-gallery-item__image\" data-thumbnail=\"https:\/\/cedt.hu\/wp-content\/uploads\/2017\/02\/ISO_126-300x200.jpg\" data-width=\"300\" data-height=\"200\" aria-label=\"Dusa G\u00e1bor: InSoundOut\" role=\"img\" ><\/div>\n\t\t\t\t\t\t\t\t\t\t\t<div class=\"elementor-gallery-item__overlay\"><\/div>\n\t\t\t\t\t\t\t\t\t\t\t\t\t\t<\/a>\n\t\t\t\t\t\t\t<a class=\"e-gallery-item elementor-gallery-item elementor-animated-content\" href=\"https:\/\/cedt.hu\/wp-content\/uploads\/2017\/02\/ISO_088.jpg\" data-elementor-open-lightbox=\"yes\" data-elementor-lightbox-slideshow=\"28cb0c44\" data-elementor-lightbox-title=\"ISO_088\" data-e-action-hash=\"#elementor-action%3Aaction%3Dlightbox%26settings%3DeyJpZCI6Mzc0MiwidXJsIjoiaHR0cHM6XC9cL2NlZHQuaHVcL3dwLWNvbnRlbnRcL3VwbG9hZHNcLzIwMTdcLzAyXC9JU09fMDg4LmpwZyIsInNsaWRlc2hvdyI6IjI4Y2IwYzQ0In0%3D\">\n\t\t\t\t\t<div class=\"e-gallery-image elementor-gallery-item__image\" data-thumbnail=\"https:\/\/cedt.hu\/wp-content\/uploads\/2017\/02\/ISO_088-300x200.jpg\" data-width=\"300\" data-height=\"200\" aria-label=\"\" role=\"img\" ><\/div>\n\t\t\t\t\t\t\t\t\t\t\t<div class=\"elementor-gallery-item__overlay\"><\/div>\n\t\t\t\t\t\t\t\t\t\t\t\t\t\t<\/a>\n\t\t\t\t\t<\/div>\n\t\t\t\t\t<\/div>\n\t\t\t\t<\/div>\n\t\t\t\t<div class=\"elementor-element elementor-element-2b6d9df8 elementor-widget elementor-widget-heading\" data-id=\"2b6d9df8\" data-element_type=\"widget\" data-e-type=\"widget\" data-widget_type=\"heading.default\">\n\t\t\t\t<div class=\"elementor-widget-container\">\n\t\t\t\t\t<h2 class=\"elementor-heading-title elementor-size-default\">M\u00e9sz\u00e1ros M\u00e1t\u00e9: InSoundOut (K\u00f6z\u00e9p-Eur\u00f3pa T\u00e1ncsz\u00ednh\u00e1z - K-Arcok)<\/h2>\t\t\t\t<\/div>\n\t\t\t\t<\/div>\n\t\t\t\t<div class=\"elementor-element elementor-element-13f432c1 elementor-widget elementor-widget-video\" data-id=\"13f432c1\" data-element_type=\"widget\" data-e-type=\"widget\" data-settings=\"{&quot;youtube_url&quot;:&quot;https:\\\/\\\/youtu.be\\\/CmwZKxZF2qo&quot;,&quot;video_type&quot;:&quot;youtube&quot;,&quot;controls&quot;:&quot;yes&quot;}\" data-widget_type=\"video.default\">\n\t\t\t\t<div class=\"elementor-widget-container\">\n\t\t\t\t\t\t\t<div class=\"elementor-wrapper elementor-open-inline\">\n\t\t\t<div class=\"elementor-video\"><\/div>\t\t<\/div>\n\t\t\t\t\t\t<\/div>\n\t\t\t\t<\/div>\n\t\t\t\t<div class=\"elementor-element elementor-element-2a2a8e1 elementor-widget elementor-widget-heading\" data-id=\"2a2a8e1\" data-element_type=\"widget\" data-e-type=\"widget\" data-widget_type=\"heading.default\">\n\t\t\t\t<div class=\"elementor-widget-container\">\n\t\t\t\t\t<h2 class=\"elementor-heading-title elementor-size-default\">Verwandte Pressemitteilungen\n<\/h2>\t\t\t\t<\/div>\n\t\t\t\t<\/div>\n\t\t\t\t<div class=\"elementor-element elementor-element-5e75f5f elementor-widget-divider--view-line elementor-widget elementor-widget-divider\" data-id=\"5e75f5f\" data-element_type=\"widget\" data-e-type=\"widget\" data-widget_type=\"divider.default\">\n\t\t\t\t<div class=\"elementor-widget-container\">\n\t\t\t\t\t\t\t<div class=\"elementor-divider\">\n\t\t\t<span class=\"elementor-divider-separator\">\n\t\t\t\t\t\t<\/span>\n\t\t<\/div>\n\t\t\t\t\t\t<\/div>\n\t\t\t\t<\/div>\n\t\t\t\t<div class=\"elementor-element elementor-element-31d16ef1 elementor-widget elementor-widget-text-editor\" data-id=\"31d16ef1\" data-element_type=\"widget\" data-e-type=\"widget\" data-widget_type=\"text-editor.default\">\n\t\t\t\t<div class=\"elementor-widget-container\">\n\t\t\t\t\t\t\t\t\t<div class=\"pressauthor\">Drubina Orsolya:\u00a0 <a href=\"https:\/\/librarius.hu\/2019\/09\/22\/madi-laszlo-tancmuvesz-eloadasa-kozos-elmeny-kozos-rezgesen\/\">K\u00f6z\u00f6s \u00e9lm\u00e9ny k\u00f6z\u00f6s rezg\u00e9sen\u00a0 <\/a>(Librarius) &#8211; 22\/09\/201 <span style=\"font-family: -apple-system, BlinkMacSystemFont, 'Segoe UI', Roboto, 'Helvetica Neue', Arial, 'Noto Sans', sans-serif, 'Apple Color Emoji', 'Segoe UI Emoji', 'Segoe UI Symbol', 'Noto Color Emoji';\">Szoktam tal\u00e1lkozni b\u00e1tortalans\u00e1ggal, amikor valaki egyszer\u0171en nem akarja megfogni a sz\u00e1lat. \u00c9s b\u00e1r k\u00f6tn\u00f6m kell magam bizonyos pontokon a zen\u00e9hez id\u0151ben, \u00e9n m\u00e9gis n\u00e9ha ott ragadok egy-egy n\u00e9z\u0151n\u00e9l, hogy ha csak p\u00e1r m\u00e1sodpercet is, de sz\u00e1njak id\u0151t arra, hogy b\u00e1tors\u00e1got gyakoroljunk. \u00c9n, hogy el\u00e9g \u0151szinte tudjak lenni az aj\u00e1nlathoz, \u0151 pedig, hogy elfogadja azt.<\/span><\/div>\t\t\t\t\t\t\t\t<\/div>\n\t\t\t\t<\/div>\n\t\t\t\t<div class=\"elementor-element elementor-element-fbe7615 elementor-widget elementor-widget-text-editor\" data-id=\"fbe7615\" data-element_type=\"widget\" data-e-type=\"widget\" data-widget_type=\"text-editor.default\">\n\t\t\t\t<div class=\"elementor-widget-container\">\n\t\t\t\t\t\t\t\t\t<div class=\"pressauthor\"><div class=\"pressauthor\">Horeczky Krisztina: <a href=\"http:\/\/szinhaz.net\/2017\/05\/16\/horeczky-krisztina-szoloban\/\">Sz\u00f3l\u00f3ban\u00a0 <\/a>(Theater.net) <span style=\"font-family: -apple-system, BlinkMacSystemFont, 'Segoe UI', Roboto, 'Helvetica Neue', Arial, 'Noto Sans', sans-serif, 'Apple Color Emoji', 'Segoe UI Emoji', 'Segoe UI Symbol', 'Noto Color Emoji';\">&#8211; 16\/05\/201 <\/span><span style=\"font-family: -apple-system, BlinkMacSystemFont, 'Segoe UI', Roboto, 'Helvetica Neue', Arial, 'Noto Sans', sans-serif, 'Apple Color Emoji', 'Segoe UI Emoji', 'Segoe UI Symbol', 'Noto Color Emoji';\">A K\u00f6z\u00e9p-Eur\u00f3pa T\u00e1ncsz\u00ednh\u00e1z (KET) 2015-ben \u00fatj\u00e1ra ind\u00edtott\u00a0<\/span><em style=\"font-family: -apple-system, BlinkMacSystemFont, 'Segoe UI', Roboto, 'Helvetica Neue', Arial, 'Noto Sans', sans-serif, 'Apple Color Emoji', 'Segoe UI Emoji', 'Segoe UI Symbol', 'Noto Color Emoji';\">K-Arcok<\/em><span style=\"font-family: -apple-system, BlinkMacSystemFont, 'Segoe UI', Roboto, 'Helvetica Neue', Arial, 'Noto Sans', sans-serif, 'Apple Color Emoji', 'Segoe UI Emoji', 'Segoe UI Symbol', 'Noto Color Emoji';\">\u00a0sz\u00f3l\u00f3sorozata keret\u00e9ben ez\u00fattal Jakab Zsanett \u00e9s M\u00e1di L\u00e1szl\u00f3 t\u00e1rsulati tag saj\u00e1tos portr\u00e9j\u00e1t rajzolta meg a k\u00e9t vend\u00e9g-alkot\u00f3.<\/span><\/div><\/div>\t\t\t\t\t\t\t\t<\/div>\n\t\t\t\t<\/div>\n\t\t\t\t<div class=\"elementor-element elementor-element-98d79e3 elementor-widget elementor-widget-text-editor\" data-id=\"98d79e3\" data-element_type=\"widget\" data-e-type=\"widget\" data-widget_type=\"text-editor.default\">\n\t\t\t\t<div class=\"elementor-widget-container\">\n\t\t\t\t\t\t\t\t\t<div class=\"pressauthor\"><div class=\"pressauthor\">Csaba Kr\u00e1ll:\u00a0<a href=\"http:\/\/www.es.hu\/cikk\/2017-05-19\/krall-csaba\/egy-arc-ket-arc-es-sok.html\">Egy arc, k\u00e9t arc \u00e9s sok\u00a0 <\/a>(\u00c9S) <span style=\"font-family: -apple-system, BlinkMacSystemFont, 'Segoe UI', Roboto, 'Helvetica Neue', Arial, 'Noto Sans', sans-serif, 'Apple Color Emoji', 'Segoe UI Emoji', 'Segoe UI Symbol', 'Noto Color Emoji';\">&#8211; 19\/05\/2017 <\/span><span style=\"font-family: -apple-system, BlinkMacSystemFont, 'Segoe UI', Roboto, 'Helvetica Neue', Arial, 'Noto Sans', sans-serif, 'Apple Color Emoji', 'Segoe UI Emoji', 'Segoe UI Symbol', 'Noto Color Emoji';\">A\u00a0<\/span><em style=\"font-family: -apple-system, BlinkMacSystemFont, 'Segoe UI', Roboto, 'Helvetica Neue', Arial, 'Noto Sans', sans-serif, 'Apple Color Emoji', 'Segoe UI Emoji', 'Segoe UI Symbol', 'Noto Color Emoji';\">LILITH<\/em><span style=\"font-family: -apple-system, BlinkMacSystemFont, 'Segoe UI', Roboto, 'Helvetica Neue', Arial, 'Noto Sans', sans-serif, 'Apple Color Emoji', 'Segoe UI Emoji', 'Segoe UI Symbol', 'Noto Color Emoji';\">\u00a0az ill\u00fazi\u00f3kelt\u00e9s magasiskol\u00e1ja. Metamorf\u00f3zislavina, tucatnyi(n\u00e1l is t\u00f6bb) fejezetben. Lad\u00e1nyi Andre\u00e1t\u00f3l Gergy\u00e9n \u00e1t R\u00e9ti Ann\u00e1ig (\u00e9s tov\u00e1bb) tart a sor, akik sikerrel j\u00e1tszottak eddig idehaza a sz\u00f3l\u00f3 m\u0171fajban ezeken a h\u00farokon. Most Moln\u00e1r Csaba is csatlakozott hozz\u00e1juk, aki helyzetek, szerepek, szerepj\u00e1t\u00e9kok hossz\u00fa sor\u00e1t k\u00edn\u00e1lta f\u00f6l Jakab Zsanettnek, \u0151 pedig hal\u00e1lt megvet\u0151 b\u00e1tors\u00e1ggal fejest ugrott bel\u00e9j\u00fck, \u00e9s a saj\u00e1t k\u00e9p\u00e9re \u00e9s hasonlatoss\u00e1g\u00e1ra form\u00e1lta azokat. Nem Jakabot, nem az \u0151 arcait l\u00e1tjuk, a darabnak \u00e9rezhet\u0151en nincs szem\u00e9lyes vet\u00fclete, priv\u00e1t s\u00falya, de olyan arcokat, amelyeknek hiteless\u00e9ge \u00e9s szuggesztivit\u00e1sa a szem\u00e9lyis\u00e9gben tett (\u00e9s el nem spr\u00f3rolt) m\u00e9lyb\u00fav\u00e1rkod\u00e1s n\u00e9lk\u00fcl nem val\u00f3sulhatott volna meg.<\/span><\/div><\/div>\t\t\t\t\t\t\t\t<\/div>\n\t\t\t\t<\/div>\n\t\t\t\t<div class=\"elementor-element elementor-element-b4a3307 elementor-widget elementor-widget-text-editor\" data-id=\"b4a3307\" data-element_type=\"widget\" data-e-type=\"widget\" data-widget_type=\"text-editor.default\">\n\t\t\t\t<div class=\"elementor-widget-container\">\n\t\t\t\t\t\t\t\t\t<div class=\"pressauthor\"><div class=\"pressauthor\">Turbulente Lilla:\u00a0 <a href=\"http:\/\/www.tanckritika.hu\/kategoriak\/interju\/1118-medium-0-24-ben\">M\u00e9dium 0-24-ben\u00a0 <\/a>(T\u00e1nckritika) <span style=\"font-family: -apple-system, BlinkMacSystemFont, 'Segoe UI', Roboto, 'Helvetica Neue', Arial, 'Noto Sans', sans-serif, 'Apple Color Emoji', 'Segoe UI Emoji', 'Segoe UI Symbol', 'Noto Color Emoji';\">&#8211; 24\/04\/2017 <\/span><span style=\"font-family: -apple-system, BlinkMacSystemFont, 'Segoe UI', Roboto, 'Helvetica Neue', Arial, 'Noto Sans', sans-serif, 'Apple Color Emoji', 'Segoe UI Emoji', 'Segoe UI Symbol', 'Noto Color Emoji';\">A K\u00f6z\u00e9p-Eur\u00f3pa T\u00e1ncsz\u00ednh\u00e1z\u00a0<\/span><em style=\"font-family: -apple-system, BlinkMacSystemFont, 'Segoe UI', Roboto, 'Helvetica Neue', Arial, 'Noto Sans', sans-serif, 'Apple Color Emoji', 'Segoe UI Emoji', 'Segoe UI Symbol', 'Noto Color Emoji';\">K-Arcok<\/em><span style=\"font-family: -apple-system, BlinkMacSystemFont, 'Segoe UI', Roboto, 'Helvetica Neue', Arial, 'Noto Sans', sans-serif, 'Apple Color Emoji', 'Segoe UI Emoji', 'Segoe UI Symbol', 'Noto Color Emoji';\">\u00a0sorozata \u00e1prilis 28-\u00e1n kett\u0151s bemutat\u00f3val folytat\u00f3dik. A t\u00e1rsulat tagjai k\u00f6z\u00fcl n\u00e9gyen a tavalyi \u00e9vadban m\u00e1r megmutatkoztak egy-egy sz\u00f3l\u00f3val. Most Jakab Zsanett a\u00a0<\/span><em style=\"font-family: -apple-system, BlinkMacSystemFont, 'Segoe UI', Roboto, 'Helvetica Neue', Arial, 'Noto Sans', sans-serif, 'Apple Color Emoji', 'Segoe UI Emoji', 'Segoe UI Symbol', 'Noto Color Emoji';\">Lilith<\/em><span style=\"font-family: -apple-system, BlinkMacSystemFont, 'Segoe UI', Roboto, 'Helvetica Neue', Arial, 'Noto Sans', sans-serif, 'Apple Color Emoji', 'Segoe UI Emoji', 'Segoe UI Symbol', 'Noto Color Emoji';\">-tel, M\u00e1di L\u00e1szl\u00f3 pedig az\u00a0<\/span><em style=\"font-family: -apple-system, BlinkMacSystemFont, 'Segoe UI', Roboto, 'Helvetica Neue', Arial, 'Noto Sans', sans-serif, 'Apple Color Emoji', 'Segoe UI Emoji', 'Segoe UI Symbol', 'Noto Color Emoji';\">InSoundOut<\/em><span style=\"font-family: -apple-system, BlinkMacSystemFont, 'Segoe UI', Roboto, 'Helvetica Neue', Arial, 'Noto Sans', sans-serif, 'Apple Color Emoji', 'Segoe UI Emoji', 'Segoe UI Symbol', 'Noto Color Emoji';\">tal l\u00e9p a k\u00f6z\u00f6ns\u00e9g el\u00e9 a Bethlen T\u00e9ri Sz\u00ednh\u00e1zban. Ut\u00f3bbi alkot\u00f3p\u00e1ros\u00e1val: M\u00e1di L\u00e1szl\u00f3val \u00e9s a koreogr\u00e1fussal, M\u00e9sz\u00e1ros M\u00e1t\u00e9val besz\u00e9lgett\u00fcnk.<\/span><\/div><\/div>\t\t\t\t\t\t\t\t<\/div>\n\t\t\t\t<\/div>\n\t\t\t\t<div class=\"elementor-element elementor-element-d316e60 elementor-widget elementor-widget-text-editor\" data-id=\"d316e60\" data-element_type=\"widget\" data-e-type=\"widget\" data-widget_type=\"text-editor.default\">\n\t\t\t\t<div class=\"elementor-widget-container\">\n\t\t\t\t\t\t\t\t\t<div class=\"pressauthor\"><div class=\"pressauthor\">P\u00e9ter M\u00e1rta: <a href=\"http:\/\/tanckritika.hu\/kategoriak\/kritika\/1125-peter-marta-magunkra-zarva\">Magunkra z\u00e1rva\u00a0 <\/a>(T\u00e1nckritika) <span style=\"font-family: -apple-system, BlinkMacSystemFont, 'Segoe UI', Roboto, 'Helvetica Neue', Arial, 'Noto Sans', sans-serif, 'Apple Color Emoji', 'Segoe UI Emoji', 'Segoe UI Symbol', 'Noto Color Emoji';\">&#8211; 01\/05\/2017 <\/span><span style=\"font-family: -apple-system, BlinkMacSystemFont, 'Segoe UI', Roboto, 'Helvetica Neue', Arial, 'Noto Sans', sans-serif, 'Apple Color Emoji', 'Segoe UI Emoji', 'Segoe UI Symbol', 'Noto Color Emoji';\">\u00dagy t\u0171nik, a\u00a0<\/span><em style=\"font-family: -apple-system, BlinkMacSystemFont, 'Segoe UI', Roboto, 'Helvetica Neue', Arial, 'Noto Sans', sans-serif, 'Apple Color Emoji', 'Segoe UI Emoji', 'Segoe UI Symbol', 'Noto Color Emoji';\">K-Arcok<\/em><span style=\"font-family: -apple-system, BlinkMacSystemFont, 'Segoe UI', Roboto, 'Helvetica Neue', Arial, 'Noto Sans', sans-serif, 'Apple Color Emoji', 'Segoe UI Emoji', 'Segoe UI Symbol', 'Noto Color Emoji';\">\u00a0friss el\u0151ad\u00e1s\u00e1nak alkot\u00f3i \u00e9s el\u0151ad\u00f3i sem ker\u00fclt\u00e9k meg a szem\u00e9lyes szembes\u00fcl\u00e9st \u2013 ahogy v\u00e9lhet\u0151en az el\u0151ad\u00e1s tov\u00e1bbi seg\u00edt\u0151i-k\u00f6zrem\u0171k\u00f6d\u0151i sem.<\/span><\/div><\/div>\t\t\t\t\t\t\t\t<\/div>\n\t\t\t\t<\/div>\n\t\t\t\t<div class=\"elementor-element elementor-element-f0f6cac elementor-widget elementor-widget-heading\" data-id=\"f0f6cac\" data-element_type=\"widget\" data-e-type=\"widget\" data-widget_type=\"heading.default\">\n\t\t\t\t<div class=\"elementor-widget-container\">\n\t\t\t\t\t<h2 class=\"elementor-heading-title elementor-size-default\">Ansicht Reiter<\/h2>\t\t\t\t<\/div>\n\t\t\t\t<\/div>\n\t\t\t\t<div class=\"elementor-element elementor-element-85b6951 elementor-widget elementor-widget-toggle\" data-id=\"85b6951\" data-element_type=\"widget\" data-e-type=\"widget\" data-widget_type=\"toggle.default\">\n\t\t\t\t<div class=\"elementor-widget-container\">\n\t\t\t\t\t\t\t<div class=\"elementor-toggle\">\n\t\t\t\t\t\t\t<div class=\"elementor-toggle-item\">\n\t\t\t\t\t<div id=\"elementor-tab-title-1401\" class=\"elementor-tab-title\" data-tab=\"1\" role=\"button\" aria-controls=\"elementor-tab-content-1401\" aria-expanded=\"false\">\n\t\t\t\t\t\t\t\t\t\t\t\t<span class=\"elementor-toggle-icon elementor-toggle-icon-left\" aria-hidden=\"true\">\n\t\t\t\t\t\t\t\t\t\t\t\t\t\t\t<span class=\"elementor-toggle-icon-closed\"><i class=\"fas fa-caret-right\"><\/i><\/span>\n\t\t\t\t\t\t\t\t<span class=\"elementor-toggle-icon-opened\"><i class=\"elementor-toggle-icon-opened fas fa-caret-up\"><\/i><\/span>\n\t\t\t\t\t\t\t\t\t\t\t\t\t<\/span>\n\t\t\t\t\t\t\t\t\t\t\t\t<a class=\"elementor-toggle-title\" tabindex=\"0\">Ansicht Reiter<\/a>\n\t\t\t\t\t<\/div>\n\n\t\t\t\t\t<div id=\"elementor-tab-content-1401\" class=\"elementor-tab-content elementor-clearfix\" data-tab=\"1\" role=\"region\" aria-labelledby=\"elementor-tab-title-1401\"><div class=\"container-fluid\"><div id=\"content\" class=\"site-content\"><div class=\"show-single-template\"><div class=\"page-area w-overlay5\"><div id=\"primary\" class=\"content-area\"><article id=\"post-3070\" class=\"post-3070 show type-show status-publish has-post-thumbnail hentry show_category-aktualis-eloadasok show_category-k-arcok\"><div id=\"demo\" class=\"show-rider collapse in\" aria-expanded=\"true\"><p><strong>B\u00fchne:\u00a0\u00a0\u00a0\u00a0\u00a0\u00a0\u00a0\u00a0\u00a0\u00a0\u00a0\u00a0\u00a0\u00a0\u00a0\u00a0\u00a0\u00a0\u00a0\u00a0<\/strong><\/p><p>12m(?) x 12m(?) (Sz. x M.)<\/p><p>fekete balett sz\u0151nyeg<\/p><p>fekete takar\u00e1sok<\/p><p>a n\u00e9z\u0151k a sz\u00ednpadon k\u00f6rben foglalnak helyet, \u00edgy a j\u00e1t\u00e9kt\u00e9r<\/p><p>8 m \u00e1tm\u00e9r\u0151j\u0171 kell hogy legyen<\/p><p>5 m akaszt\u00e1si magass\u00e1g,<\/p><p>f\u00fcggeszt\u00fcnk egy mikrofont (vissz\u00fck k\u00e1bellel, nem \u00e9l\u0151)<\/p><p><strong>Licht:\u00a0\u00a0\u00a0\u00a0\u00a0\u00a0\u00a0\u00a0\u00a0\u00a0\u00a0\u00a0\u00a0\u00a0\u00a0\u00a0\u00a0\u00a0\u00a0\u00a0\u00a0\u00a0\u00a0\u00a0\u00a0<\/strong><\/p><p>1 db profil l\u00e1mpa (ETC 25-50\u00b0 750W),<\/p><p>4 db 2KW Fresnel + terel\u0151lemez<\/p><p>6 db 1 KW Pc + terel\u0151lemez<\/p><p>1 db LED MultiPAR (vissz\u00fck)<\/p><p>filter: 132, 200<\/p><p>Compulite f\u00e9nypult<\/p><p><strong>H\u00e4ngen: \u00a0<\/strong><\/p><p>a k\u00f6r alak\u00fa j\u00e1t\u00e9kt\u00e9rhez igazodva<\/p><p>4 db hangfal \u00e1llv\u00e1nyon ( vagy a hely adotts\u00e1gaihoz igaz\u00edtva)<\/p><p>a k\u00f6r sz\u00e9l\u00e9hez stereo vonal helyi kever\u00e9shez<\/p><p><strong>Anzahl der Passagiere:\u00a0\u00a0\u00a0\u00a0\u00a0\u00a0\u00a0\u00a0\u00a0\u00a0\u00a0<\/strong><\/p><p>1 m\u00e4nnlicher T\u00e4nzer<\/p><p>2 Techniker (Beleuchtung, Garderobe)<\/p><p>1 Assistent<\/p><p>1 Choreograph<\/p><p><strong>Lokale Nachfrage:\u00a0\u00a0<\/strong><\/p><p>2 db vil\u00e1gos\u00edt\u00f3<\/p><p>1 db hangos\u00edt\u00f3<\/p><p><strong>Sz\u00ednpad\u00e9p\u00edt\u00e9s:\u00a0<\/strong>4 \u00f3ra<\/p><p><strong>Sz\u00ednpadbont\u00e1s:\u00a0<\/strong>30 perc<\/p><p><strong>Az el\u0151ad\u00e1s id\u0151tartama:\u00a0<\/strong>35 perc sz\u00fcnet n\u00e9lk\u00fcl<\/p><\/div><\/article><\/div><\/div><\/div><\/div><\/div><\/div>\n\t\t\t\t<\/div>\n\t\t\t\t\t\t\t\t<\/div>\n\t\t\t\t\t\t<\/div>\n\t\t\t\t<\/div>\n\t\t\t\t\t<\/div>\n\t\t<\/div>\n\t\t\t\t\t<\/div>\n\t\t<\/section>\n\t\t\t\t<\/div>","protected":false},"excerpt":{"rendered":"<p>Kicsoda a t\u00e1ncos, ha \u00e9ppen nem t\u00e1ncol? Mi hat\u00e1rozza meg szem\u00e9lyis\u00e9g\u00e9t, hogyan jelen\u00edthet\u0151 meg a sz\u00ednpadon a levetk\u0151ztetett emberi jellem t\u00e1ncosk\u00e9nt, t\u00e1nc n\u00e9lk\u00fcl? \u201eMinden, ami l\u00e9tezik, egyed\u00fcl \u00e9s teljes eg\u00e9sz\u00e9ben a hangnak k\u00f6sz\u00f6nheti l\u00e9tez\u00e9s\u00e9t. A hang tart mindent \u00f6ssze. A hang az alap, az alak \u00e9s a forma. Az elej\u00e9n volt a sz\u00f3, \u00e9s a [&hellip;]<\/p>\n","protected":false},"author":1,"featured_media":0,"parent":0,"menu_order":0,"comment_status":"closed","ping_status":"closed","template":"elementor_header_footer","meta":{"footnotes":""},"class_list":["post-17969","page","type-page","status-publish","hentry"],"_links":{"self":[{"href":"https:\/\/cedt.hu\/de\/wp-json\/wp\/v2\/pages\/17969","targetHints":{"allow":["GET"]}}],"collection":[{"href":"https:\/\/cedt.hu\/de\/wp-json\/wp\/v2\/pages"}],"about":[{"href":"https:\/\/cedt.hu\/de\/wp-json\/wp\/v2\/types\/page"}],"author":[{"embeddable":true,"href":"https:\/\/cedt.hu\/de\/wp-json\/wp\/v2\/users\/1"}],"replies":[{"embeddable":true,"href":"https:\/\/cedt.hu\/de\/wp-json\/wp\/v2\/comments?post=17969"}],"version-history":[{"count":0,"href":"https:\/\/cedt.hu\/de\/wp-json\/wp\/v2\/pages\/17969\/revisions"}],"wp:attachment":[{"href":"https:\/\/cedt.hu\/de\/wp-json\/wp\/v2\/media?parent=17969"}],"curies":[{"name":"wp","href":"https:\/\/api.w.org\/{rel}","templated":true}]}}