{"id":17860,"date":"2025-05-15T13:36:50","date_gmt":"2025-05-15T13:36:50","guid":{"rendered":"https:\/\/cedthu.rwpstaging.site\/?page_id=17860"},"modified":"2025-05-15T13:47:07","modified_gmt":"2025-05-15T13:47:07","slug":"dark-matter","status":"publish","type":"page","link":"https:\/\/cedt.hu\/de\/dark-matter\/","title":{"rendered":"Dunkle Materie"},"content":{"rendered":"<div data-elementor-type=\"wp-page\" data-elementor-id=\"17860\" class=\"elementor elementor-17860\" data-elementor-post-type=\"page\">\n\t\t\t\t\t\t<section class=\"elementor-section elementor-top-section elementor-element elementor-element-62cf7edb elementor-section-boxed elementor-section-height-default elementor-section-height-default\" data-id=\"62cf7edb\" data-element_type=\"section\" data-e-type=\"section\" data-settings=\"{&quot;background_background&quot;:&quot;classic&quot;}\">\n\t\t\t\t\t\t<div class=\"elementor-container elementor-column-gap-default\">\n\t\t\t\t\t<div class=\"elementor-column elementor-col-100 elementor-top-column elementor-element elementor-element-11ad91c1\" data-id=\"11ad91c1\" data-element_type=\"column\" data-e-type=\"column\">\n\t\t\t<div class=\"elementor-widget-wrap elementor-element-populated\">\n\t\t\t\t\t\t<div class=\"elementor-element elementor-element-1f6a9b1b elementor-widget elementor-widget-image\" data-id=\"1f6a9b1b\" data-element_type=\"widget\" data-e-type=\"widget\" data-widget_type=\"image.default\">\n\t\t\t\t<div class=\"elementor-widget-container\">\n\t\t\t\t\t\t\t\t\t\t\t\t\t\t\t<img fetchpriority=\"high\" decoding=\"async\" width=\"697\" height=\"930\" src=\"https:\/\/cedt.hu\/wp-content\/uploads\/2020\/11\/Egyed-Bea-portr\u00e9-Kleb-Attila.jpg\" class=\"attachment-full size-full wp-image-7249\" alt=\"\" srcset=\"https:\/\/cedt.hu\/wp-content\/uploads\/2020\/11\/Egyed-Bea-portr\u00e9-Kleb-Attila.jpg 697w, https:\/\/cedt.hu\/wp-content\/uploads\/2020\/11\/Egyed-Bea-portr\u00e9-Kleb-Attila-225x300.jpg 225w, https:\/\/cedt.hu\/wp-content\/uploads\/2020\/11\/Egyed-Bea-portr\u00e9-Kleb-Attila-300x400.jpg 300w, https:\/\/cedt.hu\/wp-content\/uploads\/2020\/11\/Egyed-Bea-portr\u00e9-Kleb-Attila-15x20.jpg 15w\" sizes=\"(max-width: 697px) 100vw, 697px\" \/>\t\t\t\t\t\t\t\t\t\t\t\t\t\t\t<\/div>\n\t\t\t\t<\/div>\n\t\t\t\t<div class=\"elementor-element elementor-element-5c15a3fd elementor-widget elementor-widget-text-editor\" data-id=\"5c15a3fd\" data-element_type=\"widget\" data-e-type=\"widget\" data-widget_type=\"text-editor.default\">\n\t\t\t\t<div class=\"elementor-widget-container\">\n\t\t\t\t\t\t\t\t\t<div class=\"x11i5rnm xat24cr x1mh8g0r x1vvkbs xtlvy1s\"><p>\u201eNincs benne f\u00e9ny, nincs hom\u00e1ly, mert a t\u00e1rgyak \u00e9jszaka is \u00e9gnek, s\u0171r\u0171, tompa, m\u00e9lyr\u0151l j\u00f6v\u0151 ragyog\u00e1ssal, a sz\u00edn egyszerre a vil\u00e1g tulajdons\u00e1ga lesz, nem felsz\u00edne, bel\u00fclr\u0151l \u00e1rad a forma, az \u00e9rz\u00e9ki test kiterjed\u00e9se nem kih\u0171lt d\u00edsz. Az \u00e9let nem folyik, hanem \u00e1rad, \u00f6nmag\u00e1ban l\u00fcktet, lass\u00fa, nyugodt l\u00fcktet\u00e9ssel, mint egy \u00e9des, s\u00f6t\u00e9t, k\u00e1b\u00edt\u00f3 folyad\u00e9kba mer\u00fclve.\u201d (Hamvas B\u00e9la: F\u00e1k, r\u00e9szlet A bab\u00e9rligetk\u00f6nyv c\u00edm\u0171 essz\u00e9k\u00f6tetb\u0151l)<\/p><p><strong>Die Auff\u00fchrung ist Teil des Imre-Zolt\u00e1n-Programms.<\/strong><\/p><\/div>\t\t\t\t\t\t\t\t<\/div>\n\t\t\t\t<\/div>\n\t\t\t\t<div class=\"elementor-element elementor-element-55144656 elementor-widget elementor-widget-heading\" data-id=\"55144656\" data-element_type=\"widget\" data-e-type=\"widget\" data-widget_type=\"heading.default\">\n\t\t\t\t<div class=\"elementor-widget-container\">\n\t\t\t\t\t<h2 class=\"elementor-heading-title elementor-size-default\">Sch\u00f6pfer<\/h2>\t\t\t\t<\/div>\n\t\t\t\t<\/div>\n\t\t\t\t<div class=\"elementor-element elementor-element-b34e4d1 elementor-widget-divider--view-line elementor-widget elementor-widget-divider\" data-id=\"b34e4d1\" data-element_type=\"widget\" data-e-type=\"widget\" data-widget_type=\"divider.default\">\n\t\t\t\t<div class=\"elementor-widget-container\">\n\t\t\t\t\t\t\t<div class=\"elementor-divider\">\n\t\t\t<span class=\"elementor-divider-separator\">\n\t\t\t\t\t\t<\/span>\n\t\t<\/div>\n\t\t\t\t\t\t<\/div>\n\t\t\t\t<\/div>\n\t\t\t\t<div class=\"elementor-element elementor-element-3301cbaa elementor-widget elementor-widget-text-editor\" data-id=\"3301cbaa\" data-element_type=\"widget\" data-e-type=\"widget\" data-widget_type=\"text-editor.default\">\n\t\t\t\t<div class=\"elementor-widget-container\">\n\t\t\t\t\t\t\t\t\t<div class=\"show-actors\"><div id=\"nested-actors\"><div><div class=\"show-actors\"><div id=\"nested-actors\"><div><div><h3>Berichterstatter<\/h3><ul><li>Lili\u00e1na Bozs\u00e1nyi<\/li><\/ul><\/div><div><h3>D\u00edszlet- \u00e9s jelmeztervez\u0151<\/h3><ul><li>Kis Judit<\/li><\/ul><\/div><div><h3>Musik<\/h3><ul><li>Keresztes G\u00e1bor<\/li><\/ul><\/div><div><h3>Licht<\/h3><ul><li>Zolt\u00e1n Fogarasi<\/li><\/ul><\/div><div><h3>Choreograph<\/h3><ul><li>Bea Egyed<\/li><\/ul><\/div><div><h3>Portr\u00e4t<\/h3><ul><li>Kleb Attila<\/li><\/ul><\/div><\/div><\/div><\/div><\/div><\/div><\/div>\t\t\t\t\t\t\t\t<\/div>\n\t\t\t\t<\/div>\n\t\t\t\t<div class=\"elementor-element elementor-element-49dec987 elementor-widget elementor-widget-gallery\" data-id=\"49dec987\" data-element_type=\"widget\" data-e-type=\"widget\" data-settings=\"{&quot;columns&quot;:3,&quot;lazyload&quot;:&quot;yes&quot;,&quot;gallery_layout&quot;:&quot;grid&quot;,&quot;columns_tablet&quot;:2,&quot;columns_mobile&quot;:1,&quot;gap&quot;:{&quot;unit&quot;:&quot;px&quot;,&quot;size&quot;:10,&quot;sizes&quot;:[]},&quot;gap_tablet&quot;:{&quot;unit&quot;:&quot;px&quot;,&quot;size&quot;:10,&quot;sizes&quot;:[]},&quot;gap_mobile&quot;:{&quot;unit&quot;:&quot;px&quot;,&quot;size&quot;:10,&quot;sizes&quot;:[]},&quot;link_to&quot;:&quot;file&quot;,&quot;aspect_ratio&quot;:&quot;3:2&quot;,&quot;overlay_background&quot;:&quot;yes&quot;,&quot;content_hover_animation&quot;:&quot;fade-in&quot;}\" data-widget_type=\"gallery.default\">\n\t\t\t\t<div class=\"elementor-widget-container\">\n\t\t\t\t\t\t\t<div class=\"elementor-gallery__container\">\n\t\t\t\t\t\t\t<a class=\"e-gallery-item elementor-gallery-item elementor-animated-content\" href=\"https:\/\/cedt.hu\/wp-content\/uploads\/2020\/11\/DarkM021.jpg\" data-elementor-open-lightbox=\"yes\" data-elementor-lightbox-slideshow=\"49dec987\" data-elementor-lightbox-title=\"DarkM021\" data-e-action-hash=\"#elementor-action%3Aaction%3Dlightbox%26settings%3DeyJpZCI6NzM2NywidXJsIjoiaHR0cHM6XC9cL2NlZHQuaHVcL3dwLWNvbnRlbnRcL3VwbG9hZHNcLzIwMjBcLzExXC9EYXJrTTAyMS5qcGciLCJzbGlkZXNob3ciOiI0OWRlYzk4NyJ9\">\n\t\t\t\t\t<div class=\"e-gallery-image elementor-gallery-item__image\" data-thumbnail=\"https:\/\/cedt.hu\/wp-content\/uploads\/2020\/11\/DarkM021-300x200.jpg\" data-width=\"300\" data-height=\"200\" aria-label=\"\" role=\"img\" ><\/div>\n\t\t\t\t\t\t\t\t\t\t\t<div class=\"elementor-gallery-item__overlay\"><\/div>\n\t\t\t\t\t\t\t\t\t\t\t\t\t\t<\/a>\n\t\t\t\t\t\t\t<a class=\"e-gallery-item elementor-gallery-item elementor-animated-content\" href=\"https:\/\/cedt.hu\/wp-content\/uploads\/2020\/11\/DarkM036.jpg\" data-elementor-open-lightbox=\"yes\" data-elementor-lightbox-slideshow=\"49dec987\" data-elementor-lightbox-title=\"DarkM036\" data-e-action-hash=\"#elementor-action%3Aaction%3Dlightbox%26settings%3DeyJpZCI6NzM3MCwidXJsIjoiaHR0cHM6XC9cL2NlZHQuaHVcL3dwLWNvbnRlbnRcL3VwbG9hZHNcLzIwMjBcLzExXC9EYXJrTTAzNi5qcGciLCJzbGlkZXNob3ciOiI0OWRlYzk4NyJ9\">\n\t\t\t\t\t<div class=\"e-gallery-image elementor-gallery-item__image\" data-thumbnail=\"https:\/\/cedt.hu\/wp-content\/uploads\/2020\/11\/DarkM036-300x200.jpg\" data-width=\"300\" data-height=\"200\" aria-label=\"\" role=\"img\" ><\/div>\n\t\t\t\t\t\t\t\t\t\t\t<div class=\"elementor-gallery-item__overlay\"><\/div>\n\t\t\t\t\t\t\t\t\t\t\t\t\t\t<\/a>\n\t\t\t\t\t\t\t<a class=\"e-gallery-item elementor-gallery-item elementor-animated-content\" href=\"https:\/\/cedt.hu\/wp-content\/uploads\/2020\/11\/DarkM068.jpg\" data-elementor-open-lightbox=\"yes\" data-elementor-lightbox-slideshow=\"49dec987\" data-elementor-lightbox-title=\"DarkM068\" data-e-action-hash=\"#elementor-action%3Aaction%3Dlightbox%26settings%3DeyJpZCI6NzM3MiwidXJsIjoiaHR0cHM6XC9cL2NlZHQuaHVcL3dwLWNvbnRlbnRcL3VwbG9hZHNcLzIwMjBcLzExXC9EYXJrTTA2OC5qcGciLCJzbGlkZXNob3ciOiI0OWRlYzk4NyJ9\">\n\t\t\t\t\t<div class=\"e-gallery-image elementor-gallery-item__image\" data-thumbnail=\"https:\/\/cedt.hu\/wp-content\/uploads\/2020\/11\/DarkM068-300x200.jpg\" data-width=\"300\" data-height=\"200\" aria-label=\"\" role=\"img\" ><\/div>\n\t\t\t\t\t\t\t\t\t\t\t<div class=\"elementor-gallery-item__overlay\"><\/div>\n\t\t\t\t\t\t\t\t\t\t\t\t\t\t<\/a>\n\t\t\t\t\t<\/div>\n\t\t\t\t\t<\/div>\n\t\t\t\t<\/div>\n\t\t\t\t<div class=\"elementor-element elementor-element-776e413c elementor-widget elementor-widget-heading\" data-id=\"776e413c\" data-element_type=\"widget\" data-e-type=\"widget\" data-widget_type=\"heading.default\">\n\t\t\t\t<div class=\"elementor-widget-container\">\n\t\t\t\t\t<h2 class=\"elementor-heading-title elementor-size-default\">K-Arcok \u2013 Egyed Bea: Dark Matter #1\n<\/h2>\t\t\t\t<\/div>\n\t\t\t\t<\/div>\n\t\t\t\t<div class=\"elementor-element elementor-element-5fc38386 elementor-widget elementor-widget-video\" data-id=\"5fc38386\" data-element_type=\"widget\" data-e-type=\"widget\" data-settings=\"{&quot;youtube_url&quot;:&quot;https:\\\/\\\/youtu.be\\\/51mHxsxNDOA&quot;,&quot;video_type&quot;:&quot;youtube&quot;,&quot;controls&quot;:&quot;yes&quot;}\" data-widget_type=\"video.default\">\n\t\t\t\t<div class=\"elementor-widget-container\">\n\t\t\t\t\t\t\t<div class=\"elementor-wrapper elementor-open-inline\">\n\t\t\t<div class=\"elementor-video\"><\/div>\t\t<\/div>\n\t\t\t\t\t\t<\/div>\n\t\t\t\t<\/div>\n\t\t\t\t<div class=\"elementor-element elementor-element-3167715 elementor-widget elementor-widget-heading\" data-id=\"3167715\" data-element_type=\"widget\" data-e-type=\"widget\" data-widget_type=\"heading.default\">\n\t\t\t\t<div class=\"elementor-widget-container\">\n\t\t\t\t\t<h2 class=\"elementor-heading-title elementor-size-default\">K-Arcok \u2013 Egyed Bea: Dark Matter #2<\/h2>\t\t\t\t<\/div>\n\t\t\t\t<\/div>\n\t\t\t\t<div class=\"elementor-element elementor-element-ad04b84 elementor-widget elementor-widget-video\" data-id=\"ad04b84\" data-element_type=\"widget\" data-e-type=\"widget\" data-settings=\"{&quot;youtube_url&quot;:&quot;https:\\\/\\\/youtu.be\\\/bJyp1f-cgJA&quot;,&quot;video_type&quot;:&quot;youtube&quot;,&quot;controls&quot;:&quot;yes&quot;}\" data-widget_type=\"video.default\">\n\t\t\t\t<div class=\"elementor-widget-container\">\n\t\t\t\t\t\t\t<div class=\"elementor-wrapper elementor-open-inline\">\n\t\t\t<div class=\"elementor-video\"><\/div>\t\t<\/div>\n\t\t\t\t\t\t<\/div>\n\t\t\t\t<\/div>\n\t\t\t\t<div class=\"elementor-element elementor-element-4eaf178 elementor-widget elementor-widget-heading\" data-id=\"4eaf178\" data-element_type=\"widget\" data-e-type=\"widget\" data-widget_type=\"heading.default\">\n\t\t\t\t<div class=\"elementor-widget-container\">\n\t\t\t\t\t<h2 class=\"elementor-heading-title elementor-size-default\">Verwandte Pressemitteilungen<\/h2>\t\t\t\t<\/div>\n\t\t\t\t<\/div>\n\t\t\t\t<div class=\"elementor-element elementor-element-671a2ea8 elementor-widget-divider--view-line elementor-widget elementor-widget-divider\" data-id=\"671a2ea8\" data-element_type=\"widget\" data-e-type=\"widget\" data-widget_type=\"divider.default\">\n\t\t\t\t<div class=\"elementor-widget-container\">\n\t\t\t\t\t\t\t<div class=\"elementor-divider\">\n\t\t\t<span class=\"elementor-divider-separator\">\n\t\t\t\t\t\t<\/span>\n\t\t<\/div>\n\t\t\t\t\t\t<\/div>\n\t\t\t\t<\/div>\n\t\t\t\t<div class=\"elementor-element elementor-element-4042114b elementor-widget elementor-widget-text-editor\" data-id=\"4042114b\" data-element_type=\"widget\" data-e-type=\"widget\" data-widget_type=\"text-editor.default\">\n\t\t\t\t<div class=\"elementor-widget-container\">\n\t\t\t\t\t\t\t\t\t<div class=\"pressauthor\">Turbulente Lilla:\u00a0 <a href=\"https:\/\/tanckritika.hu\/kategoriak\/jegyzet\/1686-turbuly-lilla-keringok-a-monotanc-korul\">Kreise um den Mono-Tanz - X INTERNATIONALES MONO-TANZ-FESTIVAL - Teil 2\u00a0 <\/a>(T\u00e1nckritika.hu) &#8211; 05\/05\/2022 <span style=\"font-family: -apple-system, BlinkMacSystemFont, 'Segoe UI', Roboto, 'Helvetica Neue', Arial, 'Noto Sans', sans-serif, 'Apple Color Emoji', 'Segoe UI Emoji', 'Segoe UI Symbol', 'Noto Color Emoji';\">...das nun neunteilige K-Arcok ist eine bemerkenswerte Errungenschaft der letzten Jahre im heimischen zeitgen\u00f6ssischen Tanz, mit einer konsequenten, qualitativ hochwertigen Umsetzung einer guten Idee.<\/span><\/div>\t\t\t\t\t\t\t\t<\/div>\n\t\t\t\t<\/div>\n\t\t\t\t<div class=\"elementor-element elementor-element-312a8475 elementor-widget elementor-widget-text-editor\" data-id=\"312a8475\" data-element_type=\"widget\" data-e-type=\"widget\" data-widget_type=\"text-editor.default\">\n\t\t\t\t<div class=\"elementor-widget-container\">\n\t\t\t\t\t\t\t\t\t<div class=\"pressauthor\"><div class=\"pressauthor\">Zsolt Stermeczky:\u00a0 <a href=\"https:\/\/tanckritika.hu\/kategoriak\/kritika\/1650-stermeczky-zsolt-belso-es-kulso-erok-szolokban\">Innere und \u00e4u\u00dfere Kr\u00e4fte in Solos\u00a0 <\/a>(T\u00e1nckritika.hu) <span style=\"font-family: -apple-system, BlinkMacSystemFont, 'Segoe UI', Roboto, 'Helvetica Neue', Arial, 'Noto Sans', sans-serif, 'Apple Color Emoji', 'Segoe UI Emoji', 'Segoe UI Symbol', 'Noto Color Emoji';\">&#8211; 06\/12\/202 <\/span><span style=\"font-family: -apple-system, BlinkMacSystemFont, 'Segoe UI', Roboto, 'Helvetica Neue', Arial, 'Noto Sans', sans-serif, 'Apple Color Emoji', 'Segoe UI Emoji', 'Segoe UI Symbol', 'Noto Color Emoji';\">\"Die Regie der beiden Produktionen, die bei der Doppelvorstellung am 4. Dezember zu sehen sind, ist ein starker Kontrast...\"<\/span><\/div><\/div>\t\t\t\t\t\t\t\t<\/div>\n\t\t\t\t<\/div>\n\t\t\t\t\t<\/div>\n\t\t<\/div>\n\t\t\t\t\t<\/div>\n\t\t<\/section>\n\t\t\t\t<\/div>","protected":false},"excerpt":{"rendered":"<p>\u201eNincs benne f\u00e9ny, nincs hom\u00e1ly, mert a t\u00e1rgyak \u00e9jszaka is \u00e9gnek, s\u0171r\u0171, tompa, m\u00e9lyr\u0151l j\u00f6v\u0151 ragyog\u00e1ssal, a sz\u00edn egyszerre a vil\u00e1g tulajdons\u00e1ga lesz, nem felsz\u00edne, bel\u00fclr\u0151l \u00e1rad a forma, az \u00e9rz\u00e9ki test kiterjed\u00e9se nem kih\u0171lt d\u00edsz. Az \u00e9let nem folyik, hanem \u00e1rad, \u00f6nmag\u00e1ban l\u00fcktet, lass\u00fa, nyugodt l\u00fcktet\u00e9ssel, mint egy \u00e9des, s\u00f6t\u00e9t, k\u00e1b\u00edt\u00f3 folyad\u00e9kba mer\u00fclve.\u201d (Hamvas [&hellip;]<\/p>\n","protected":false},"author":1,"featured_media":0,"parent":0,"menu_order":0,"comment_status":"closed","ping_status":"closed","template":"elementor_header_footer","meta":{"footnotes":""},"class_list":["post-17860","page","type-page","status-publish","hentry"],"_links":{"self":[{"href":"https:\/\/cedt.hu\/de\/wp-json\/wp\/v2\/pages\/17860","targetHints":{"allow":["GET"]}}],"collection":[{"href":"https:\/\/cedt.hu\/de\/wp-json\/wp\/v2\/pages"}],"about":[{"href":"https:\/\/cedt.hu\/de\/wp-json\/wp\/v2\/types\/page"}],"author":[{"embeddable":true,"href":"https:\/\/cedt.hu\/de\/wp-json\/wp\/v2\/users\/1"}],"replies":[{"embeddable":true,"href":"https:\/\/cedt.hu\/de\/wp-json\/wp\/v2\/comments?post=17860"}],"version-history":[{"count":0,"href":"https:\/\/cedt.hu\/de\/wp-json\/wp\/v2\/pages\/17860\/revisions"}],"wp:attachment":[{"href":"https:\/\/cedt.hu\/de\/wp-json\/wp\/v2\/media?parent=17860"}],"curies":[{"name":"wp","href":"https:\/\/api.w.org\/{rel}","templated":true}]}}