{"id":17823,"date":"2025-05-15T13:30:59","date_gmt":"2025-05-15T13:30:59","guid":{"rendered":"https:\/\/cedthu.rwpstaging.site\/?page_id=17823"},"modified":"2025-05-15T13:46:17","modified_gmt":"2025-05-15T13:46:17","slug":"harslet","status":"publish","type":"page","link":"https:\/\/cedt.hu\/de\/harslet\/","title":{"rendered":"Harslet"},"content":{"rendered":"<div data-elementor-type=\"wp-page\" data-elementor-id=\"17823\" class=\"elementor elementor-17823\" data-elementor-post-type=\"page\">\n\t\t\t\t\t\t<section class=\"elementor-section elementor-top-section elementor-element elementor-element-63ed3fd4 elementor-section-boxed elementor-section-height-default elementor-section-height-default\" data-id=\"63ed3fd4\" data-element_type=\"section\" data-e-type=\"section\" data-settings=\"{&quot;background_background&quot;:&quot;classic&quot;}\">\n\t\t\t\t\t\t<div class=\"elementor-container elementor-column-gap-default\">\n\t\t\t\t\t<div class=\"elementor-column elementor-col-100 elementor-top-column elementor-element elementor-element-5741aa77\" data-id=\"5741aa77\" data-element_type=\"column\" data-e-type=\"column\">\n\t\t\t<div class=\"elementor-widget-wrap elementor-element-populated\">\n\t\t\t\t\t\t<div class=\"elementor-element elementor-element-505fb75 elementor-widget elementor-widget-image\" data-id=\"505fb75\" data-element_type=\"widget\" data-e-type=\"widget\" data-widget_type=\"image.default\">\n\t\t\t\t<div class=\"elementor-widget-container\">\n\t\t\t\t\t\t\t\t\t\t\t\t\t\t\t<img fetchpriority=\"high\" decoding=\"async\" width=\"1920\" height=\"2308\" src=\"https:\/\/cedt.hu\/wp-content\/uploads\/2020\/11\/M\u00e1di-L\u00e1szl\u00f3-portr\u00e9-saj\u00e1t-FF-e1609845918915.jpg\" class=\"attachment-full size-full wp-image-7245\" alt=\"\" srcset=\"https:\/\/cedt.hu\/wp-content\/uploads\/2020\/11\/M\u00e1di-L\u00e1szl\u00f3-portr\u00e9-saj\u00e1t-FF-e1609845918915.jpg 1920w, https:\/\/cedt.hu\/wp-content\/uploads\/2020\/11\/M\u00e1di-L\u00e1szl\u00f3-portr\u00e9-saj\u00e1t-FF-e1609845918915-250x300.jpg 250w, https:\/\/cedt.hu\/wp-content\/uploads\/2020\/11\/M\u00e1di-L\u00e1szl\u00f3-portr\u00e9-saj\u00e1t-FF-e1609845918915-852x1024.jpg 852w, https:\/\/cedt.hu\/wp-content\/uploads\/2020\/11\/M\u00e1di-L\u00e1szl\u00f3-portr\u00e9-saj\u00e1t-FF-e1609845918915-768x923.jpg 768w, https:\/\/cedt.hu\/wp-content\/uploads\/2020\/11\/M\u00e1di-L\u00e1szl\u00f3-portr\u00e9-saj\u00e1t-FF-e1609845918915-1278x1536.jpg 1278w, https:\/\/cedt.hu\/wp-content\/uploads\/2020\/11\/M\u00e1di-L\u00e1szl\u00f3-portr\u00e9-saj\u00e1t-FF-e1609845918915-1704x2048.jpg 1704w, https:\/\/cedt.hu\/wp-content\/uploads\/2020\/11\/M\u00e1di-L\u00e1szl\u00f3-portr\u00e9-saj\u00e1t-FF-e1609845918915-333x400.jpg 333w, https:\/\/cedt.hu\/wp-content\/uploads\/2020\/11\/M\u00e1di-L\u00e1szl\u00f3-portr\u00e9-saj\u00e1t-FF-e1609845918915-17x20.jpg 17w\" sizes=\"(max-width: 1920px) 100vw, 1920px\" \/>\t\t\t\t\t\t\t\t\t\t\t\t\t\t\t<\/div>\n\t\t\t\t<\/div>\n\t\t\t\t<div class=\"elementor-element elementor-element-32efcee6 elementor-widget elementor-widget-text-editor\" data-id=\"32efcee6\" data-element_type=\"widget\" data-e-type=\"widget\" data-widget_type=\"text-editor.default\">\n\t\t\t\t<div class=\"elementor-widget-container\">\n\t\t\t\t\t\t\t\t\t<div class=\"x11i5rnm xat24cr x1mh8g0r x1vvkbs xtlvy1s\"><p>\"Kann der Performer aus seiner eigenen Haut herauskommen? Kann die Aufmerksamkeit aufh\u00f6ren, eine Funktion der Aktion zu sein, ist die Energie, die in der Statik freigesetzt wird, ausreichend, um Aufmerksamkeit zu erzeugen und zu erhalten? Wie k\u00f6nnen wir die Gedanken, die unsere Vorstellungskraft erzeugt, vereinfachen und entschlacken und den Blick des Zuschauers auf uns richten? K\u00f6nnen wir sie dazu bringen, mitzumachen?\"<\/p><p>Harslet als intimer Zustand schafft eine visuelle Welt der Darstellung des Selbst, in der Fantasie, Spiel und Suggestion Hand in Hand gehen. Das eine existiert nicht ohne das andere, so wie es kein Werk ohne denjenigen gibt, der es tr\u00e4umt und denjenigen, der es empf\u00e4ngt. Das pr\u00e4gende Bild unseres inneren Wesens wird immer an den Ort projiziert, von dem aus wir uns durch die Beseitigung des \u00dcberma\u00dfes uns selbst n\u00e4her kommen k\u00f6nnen.<\/p><p><strong>Die Auff\u00fchrung ist Teil des Imre-Zolt\u00e1n-Programms.<\/strong><\/p><\/div>\t\t\t\t\t\t\t\t<\/div>\n\t\t\t\t<\/div>\n\t\t\t\t<div class=\"elementor-element elementor-element-75ebeee4 elementor-widget elementor-widget-heading\" data-id=\"75ebeee4\" data-element_type=\"widget\" data-e-type=\"widget\" data-widget_type=\"heading.default\">\n\t\t\t\t<div class=\"elementor-widget-container\">\n\t\t\t\t\t<h2 class=\"elementor-heading-title elementor-size-default\">Sch\u00f6pfer<\/h2>\t\t\t\t<\/div>\n\t\t\t\t<\/div>\n\t\t\t\t<div class=\"elementor-element elementor-element-680243e elementor-widget-divider--view-line elementor-widget elementor-widget-divider\" data-id=\"680243e\" data-element_type=\"widget\" data-e-type=\"widget\" data-widget_type=\"divider.default\">\n\t\t\t\t<div class=\"elementor-widget-container\">\n\t\t\t\t\t\t\t<div class=\"elementor-divider\">\n\t\t\t<span class=\"elementor-divider-separator\">\n\t\t\t\t\t\t<\/span>\n\t\t<\/div>\n\t\t\t\t\t\t<\/div>\n\t\t\t\t<\/div>\n\t\t\t\t<div class=\"elementor-element elementor-element-7f157897 elementor-widget elementor-widget-text-editor\" data-id=\"7f157897\" data-element_type=\"widget\" data-e-type=\"widget\" data-widget_type=\"text-editor.default\">\n\t\t\t\t<div class=\"elementor-widget-container\">\n\t\t\t\t\t\t\t\t\t<div class=\"show-actors\"><div id=\"nested-actors\"><div><div class=\"show-actors\"><div id=\"nested-actors\"><div><div><h3>Berichterstatter<\/h3><ul><li>D\u00e1vid Dab\u00f3czi<\/li><\/ul><\/div><div><h3>Licht<\/h3><ul><li>Zolt\u00e1n Fogarasi<\/li><\/ul><\/div><div><h3>Musik<\/h3><ul><li>L\u00e1szl\u00f3 M\u00e1di<\/li><\/ul><\/div><div><h3>Choreograph<\/h3><ul><li>L\u00e1szl\u00f3 M\u00e1di<\/li><\/ul><\/div><\/div><\/div><\/div><\/div><\/div><\/div>\t\t\t\t\t\t\t\t<\/div>\n\t\t\t\t<\/div>\n\t\t\t\t<div class=\"elementor-element elementor-element-7aedbfb7 elementor-widget elementor-widget-gallery\" data-id=\"7aedbfb7\" data-element_type=\"widget\" data-e-type=\"widget\" data-settings=\"{&quot;columns&quot;:3,&quot;lazyload&quot;:&quot;yes&quot;,&quot;gallery_layout&quot;:&quot;grid&quot;,&quot;columns_tablet&quot;:2,&quot;columns_mobile&quot;:1,&quot;gap&quot;:{&quot;unit&quot;:&quot;px&quot;,&quot;size&quot;:10,&quot;sizes&quot;:[]},&quot;gap_tablet&quot;:{&quot;unit&quot;:&quot;px&quot;,&quot;size&quot;:10,&quot;sizes&quot;:[]},&quot;gap_mobile&quot;:{&quot;unit&quot;:&quot;px&quot;,&quot;size&quot;:10,&quot;sizes&quot;:[]},&quot;link_to&quot;:&quot;file&quot;,&quot;aspect_ratio&quot;:&quot;3:2&quot;,&quot;overlay_background&quot;:&quot;yes&quot;,&quot;content_hover_animation&quot;:&quot;fade-in&quot;}\" data-widget_type=\"gallery.default\">\n\t\t\t\t<div class=\"elementor-widget-container\">\n\t\t\t\t\t\t\t<div class=\"elementor-gallery__container\">\n\t\t\t\t\t\t\t<a class=\"e-gallery-item elementor-gallery-item elementor-animated-content\" href=\"https:\/\/cedt.hu\/wp-content\/uploads\/2020\/11\/Harsl008.jpg\" data-elementor-open-lightbox=\"yes\" data-elementor-lightbox-slideshow=\"7aedbfb7\" data-elementor-lightbox-title=\"Harsl008\" data-e-action-hash=\"#elementor-action%3Aaction%3Dlightbox%26settings%3DeyJpZCI6NzM1OSwidXJsIjoiaHR0cHM6XC9cL2NlZHQuaHVcL3dwLWNvbnRlbnRcL3VwbG9hZHNcLzIwMjBcLzExXC9IYXJzbDAwOC5qcGciLCJzbGlkZXNob3ciOiI3YWVkYmZiNyJ9\">\n\t\t\t\t\t<div class=\"e-gallery-image elementor-gallery-item__image\" data-thumbnail=\"https:\/\/cedt.hu\/wp-content\/uploads\/2020\/11\/Harsl008-300x200.jpg\" data-width=\"300\" data-height=\"200\" aria-label=\"\" role=\"img\" ><\/div>\n\t\t\t\t\t\t\t\t\t\t\t<div class=\"elementor-gallery-item__overlay\"><\/div>\n\t\t\t\t\t\t\t\t\t\t\t\t\t\t<\/a>\n\t\t\t\t\t\t\t<a class=\"e-gallery-item elementor-gallery-item elementor-animated-content\" href=\"https:\/\/cedt.hu\/wp-content\/uploads\/2020\/11\/Harsl032.jpg\" data-elementor-open-lightbox=\"yes\" data-elementor-lightbox-slideshow=\"7aedbfb7\" data-elementor-lightbox-title=\"Harsl032\" data-e-action-hash=\"#elementor-action%3Aaction%3Dlightbox%26settings%3DeyJpZCI6NzM2MiwidXJsIjoiaHR0cHM6XC9cL2NlZHQuaHVcL3dwLWNvbnRlbnRcL3VwbG9hZHNcLzIwMjBcLzExXC9IYXJzbDAzMi5qcGciLCJzbGlkZXNob3ciOiI3YWVkYmZiNyJ9\">\n\t\t\t\t\t<div class=\"e-gallery-image elementor-gallery-item__image\" data-thumbnail=\"https:\/\/cedt.hu\/wp-content\/uploads\/2020\/11\/Harsl032-300x200.jpg\" data-width=\"300\" data-height=\"200\" aria-label=\"\" role=\"img\" ><\/div>\n\t\t\t\t\t\t\t\t\t\t\t<div class=\"elementor-gallery-item__overlay\"><\/div>\n\t\t\t\t\t\t\t\t\t\t\t\t\t\t<\/a>\n\t\t\t\t\t\t\t<a class=\"e-gallery-item elementor-gallery-item elementor-animated-content\" href=\"https:\/\/cedt.hu\/wp-content\/uploads\/2020\/11\/Harsl051.jpg\" data-elementor-open-lightbox=\"yes\" data-elementor-lightbox-slideshow=\"7aedbfb7\" data-elementor-lightbox-title=\"Harsl051\" data-e-action-hash=\"#elementor-action%3Aaction%3Dlightbox%26settings%3DeyJpZCI6NzM2NCwidXJsIjoiaHR0cHM6XC9cL2NlZHQuaHVcL3dwLWNvbnRlbnRcL3VwbG9hZHNcLzIwMjBcLzExXC9IYXJzbDA1MS5qcGciLCJzbGlkZXNob3ciOiI3YWVkYmZiNyJ9\">\n\t\t\t\t\t<div class=\"e-gallery-image elementor-gallery-item__image\" data-thumbnail=\"https:\/\/cedt.hu\/wp-content\/uploads\/2020\/11\/Harsl051-300x200.jpg\" data-width=\"300\" data-height=\"200\" aria-label=\"\" role=\"img\" ><\/div>\n\t\t\t\t\t\t\t\t\t\t\t<div class=\"elementor-gallery-item__overlay\"><\/div>\n\t\t\t\t\t\t\t\t\t\t\t\t\t\t<\/a>\n\t\t\t\t\t<\/div>\n\t\t\t\t\t<\/div>\n\t\t\t\t<\/div>\n\t\t\t\t<div class=\"elementor-element elementor-element-203d8553 elementor-widget elementor-widget-heading\" data-id=\"203d8553\" data-element_type=\"widget\" data-e-type=\"widget\" data-widget_type=\"heading.default\">\n\t\t\t\t<div class=\"elementor-widget-container\">\n\t\t\t\t\t<h2 class=\"elementor-heading-title elementor-size-default\">K-Arcok - L\u00e1szl\u00f3 M\u00e1di: Harslet - trailer#1\n<\/h2>\t\t\t\t<\/div>\n\t\t\t\t<\/div>\n\t\t\t\t<div class=\"elementor-element elementor-element-4a918e9d elementor-widget elementor-widget-video\" data-id=\"4a918e9d\" data-element_type=\"widget\" data-e-type=\"widget\" data-settings=\"{&quot;youtube_url&quot;:&quot;https:\\\/\\\/youtu.be\\\/zJdSIApVAEQ&quot;,&quot;video_type&quot;:&quot;youtube&quot;,&quot;controls&quot;:&quot;yes&quot;}\" data-widget_type=\"video.default\">\n\t\t\t\t<div class=\"elementor-widget-container\">\n\t\t\t\t\t\t\t<div class=\"elementor-wrapper elementor-open-inline\">\n\t\t\t<div class=\"elementor-video\"><\/div>\t\t<\/div>\n\t\t\t\t\t\t<\/div>\n\t\t\t\t<\/div>\n\t\t\t\t<div class=\"elementor-element elementor-element-3491b43 elementor-widget elementor-widget-heading\" data-id=\"3491b43\" data-element_type=\"widget\" data-e-type=\"widget\" data-widget_type=\"heading.default\">\n\t\t\t\t<div class=\"elementor-widget-container\">\n\t\t\t\t\t<h2 class=\"elementor-heading-title elementor-size-default\">K-Arcok - L\u00e1szl\u00f3 M\u00e1di: Harslet - trailer#2<\/h2>\t\t\t\t<\/div>\n\t\t\t\t<\/div>\n\t\t\t\t<div class=\"elementor-element elementor-element-24d8be9 elementor-widget elementor-widget-video\" data-id=\"24d8be9\" data-element_type=\"widget\" data-e-type=\"widget\" data-settings=\"{&quot;video_type&quot;:&quot;vimeo&quot;}\" data-widget_type=\"video.default\">\n\t\t\t\t<div class=\"elementor-widget-container\">\n\t\t\t\t\t\t\t<div class=\"elementor-wrapper elementor-open-inline\">\n\t\t\t<iframe class=\"elementor-video-iframe\" allowfullscreen allow=\"clipboard-write\" title=\"youtube Video-Spieler\" src=\"https:\/\/www.youtube.com\/embed\/SK3MuL2U5W4?feature=oembed&amp;color&amp;autopause=0&amp;loop=0&amp;muted=0&amp;title=1&amp;portrait=1&amp;byline=1\" data-no-translation-title=\"\"><\/iframe>\t\t<\/div>\n\t\t\t\t\t\t<\/div>\n\t\t\t\t<\/div>\n\t\t\t\t<div class=\"elementor-element elementor-element-11789c1 elementor-widget elementor-widget-heading\" data-id=\"11789c1\" data-element_type=\"widget\" data-e-type=\"widget\" data-widget_type=\"heading.default\">\n\t\t\t\t<div class=\"elementor-widget-container\">\n\t\t\t\t\t<h2 class=\"elementor-heading-title elementor-size-default\">Verwandte Pressemitteilungen<\/h2>\t\t\t\t<\/div>\n\t\t\t\t<\/div>\n\t\t\t\t<div class=\"elementor-element elementor-element-090e7b2 elementor-widget__width-initial elementor-widget-divider--view-line elementor-widget elementor-widget-divider\" data-id=\"090e7b2\" data-element_type=\"widget\" data-e-type=\"widget\" data-widget_type=\"divider.default\">\n\t\t\t\t<div class=\"elementor-widget-container\">\n\t\t\t\t\t\t\t<div class=\"elementor-divider\">\n\t\t\t<span class=\"elementor-divider-separator\">\n\t\t\t\t\t\t<\/span>\n\t\t<\/div>\n\t\t\t\t\t\t<\/div>\n\t\t\t\t<\/div>\n\t\t\t\t<div class=\"elementor-element elementor-element-220d4607 elementor-widget elementor-widget-text-editor\" data-id=\"220d4607\" data-element_type=\"widget\" data-e-type=\"widget\" data-widget_type=\"text-editor.default\">\n\t\t\t\t<div class=\"elementor-widget-container\">\n\t\t\t\t\t\t\t\t\t<div class=\"pressauthor\"><div class=\"pressauthor\">Turbulente Lilla:\u00a0 <a href=\"https:\/\/tanckritika.hu\/kategoriak\/jegyzet\/1686-turbuly-lilla-keringok-a-monotanc-korul\">Kreise um den Mono-Tanz - X INTERNATIONALES MONO-TANZ-FESTIVAL - Teil 2\u00a0<\/a><\/div><div class=\"presssource\">(T\u00e1nckritika.hu) <span style=\"font-family: -apple-system, BlinkMacSystemFont, 'Segoe UI', Roboto, 'Helvetica Neue', Arial, 'Noto Sans', sans-serif, 'Apple Color Emoji', 'Segoe UI Emoji', 'Segoe UI Symbol', 'Noto Color Emoji';\">&#8211; 05\/05\/2022 <\/span><span style=\"font-family: -apple-system, BlinkMacSystemFont, 'Segoe UI', Roboto, 'Helvetica Neue', Arial, 'Noto Sans', sans-serif, 'Apple Color Emoji', 'Segoe UI Emoji', 'Segoe UI Symbol', 'Noto Color Emoji';\">...das nun neunteilige K-Arcok ist eine bemerkenswerte Errungenschaft der letzten Jahre im heimischen zeitgen\u00f6ssischen Tanz, mit einer konsequenten, qualitativ hochwertigen Umsetzung einer guten Idee.<\/span><\/div><\/div>\t\t\t\t\t\t\t\t<\/div>\n\t\t\t\t<\/div>\n\t\t\t\t<div class=\"elementor-element elementor-element-23f1a64 elementor-widget elementor-widget-text-editor\" data-id=\"23f1a64\" data-element_type=\"widget\" data-e-type=\"widget\" data-widget_type=\"text-editor.default\">\n\t\t\t\t<div class=\"elementor-widget-container\">\n\t\t\t\t\t\t\t\t\t<div class=\"pressauthor\"><div class=\"pressauthor\">Zsolt Stermeczky:\u00a0 <a href=\"https:\/\/tanckritika.hu\/kategoriak\/kritika\/1650-stermeczky-zsolt-belso-es-kulso-erok-szolokban\">Innere und \u00e4u\u00dfere Kr\u00e4fte in Solos\u00a0 <\/a>(T\u00e1nckritika.hu) - 06\/12\/202 <span style=\"font-family: -apple-system, BlinkMacSystemFont, 'Segoe UI', Roboto, 'Helvetica Neue', Arial, 'Noto Sans', sans-serif, 'Apple Color Emoji', 'Segoe UI Emoji', 'Segoe UI Symbol', 'Noto Color Emoji';\">\"Die Regie der beiden Produktionen, die bei der Doppelvorstellung am 4. Dezember zu sehen sind, ist ein starker Kontrast...\"<\/span><\/div><\/div>\t\t\t\t\t\t\t\t<\/div>\n\t\t\t\t<\/div>\n\t\t\t\t\t<\/div>\n\t\t<\/div>\n\t\t\t\t\t<\/div>\n\t\t<\/section>\n\t\t\t\t<\/div>","protected":false},"excerpt":{"rendered":"<p>\u201eKi tud-e vetk\u0151zni az el\u0151ad\u00f3 saj\u00e1t b\u0151r\u00e9b\u0151l? Meg tud-e sz\u0171nni a cselekv\u00e9s f\u00fcggv\u00e9ny\u00e9ben val\u00f3 figyel\u00e9s, el\u00e9g-e a statikuss\u00e1gban kibocs\u00e1tott energia a figyelem megteremt\u00e9s\u00e9re \u00e9s fenntart\u00e1s\u00e1ra? Hogyan tudjuk egyszer\u0171s\u00edteni \u00e9s tiszt\u00edtani a fant\u00e1zi\u00e1nk keltette gondolatainkat, \u00e9s a n\u00e9z\u0151 tekintet\u00e9t magunkra szegezni? R\u00e1 tudjuk e venni, hogy csatlakozzon?\u201d A Harslet mint bens\u0151s\u00e9ges \u00e1llapot, az \u00c9n bemutat\u00e1s\u00e1nak k\u00e9pivil\u00e1g\u00e1t [&hellip;]<\/p>\n","protected":false},"author":1,"featured_media":0,"parent":0,"menu_order":0,"comment_status":"closed","ping_status":"closed","template":"elementor_header_footer","meta":{"footnotes":""},"class_list":["post-17823","page","type-page","status-publish","hentry"],"_links":{"self":[{"href":"https:\/\/cedt.hu\/de\/wp-json\/wp\/v2\/pages\/17823","targetHints":{"allow":["GET"]}}],"collection":[{"href":"https:\/\/cedt.hu\/de\/wp-json\/wp\/v2\/pages"}],"about":[{"href":"https:\/\/cedt.hu\/de\/wp-json\/wp\/v2\/types\/page"}],"author":[{"embeddable":true,"href":"https:\/\/cedt.hu\/de\/wp-json\/wp\/v2\/users\/1"}],"replies":[{"embeddable":true,"href":"https:\/\/cedt.hu\/de\/wp-json\/wp\/v2\/comments?post=17823"}],"version-history":[{"count":0,"href":"https:\/\/cedt.hu\/de\/wp-json\/wp\/v2\/pages\/17823\/revisions"}],"wp:attachment":[{"href":"https:\/\/cedt.hu\/de\/wp-json\/wp\/v2\/media?parent=17823"}],"curies":[{"name":"wp","href":"https:\/\/api.w.org\/{rel}","templated":true}]}}