{"id":13788,"date":"2024-11-01T11:27:58","date_gmt":"2024-11-01T11:27:58","guid":{"rendered":"https:\/\/cedt.hu\/?page_id=13788\/"},"modified":"2024-11-01T23:04:23","modified_gmt":"2024-11-01T23:04:23","slug":"13-sissi-oszi-tanchet-2024","status":"publish","type":"page","link":"https:\/\/cedt.hu\/de\/13-sissi-oszi-tanchet-2024\/","title":{"rendered":"XIII. Sissi-Herbst-Tanzfestival - 2024"},"content":{"rendered":"<figure class=\"wp-block-image aligncenter size-full\"><img fetchpriority=\"high\" decoding=\"async\" width=\"820\" height=\"360\" src=\"https:\/\/cedt.hu\/wp-content\/uploads\/2024\/11\/2024-fb-cover.jpg\" alt=\"\" class=\"wp-image-13808\" srcset=\"https:\/\/cedt.hu\/wp-content\/uploads\/2024\/11\/2024-fb-cover.jpg 820w, https:\/\/cedt.hu\/wp-content\/uploads\/2024\/11\/2024-fb-cover-300x132.jpg 300w, https:\/\/cedt.hu\/wp-content\/uploads\/2024\/11\/2024-fb-cover-768x337.jpg 768w, https:\/\/cedt.hu\/wp-content\/uploads\/2024\/11\/2024-fb-cover-400x176.jpg 400w, https:\/\/cedt.hu\/wp-content\/uploads\/2024\/11\/2024-fb-cover-20x9.jpg 20w\" sizes=\"(max-width: 820px) 100vw, 820px\" \/><\/figure>\n\n\n\n<div style=\"height:100px\" aria-hidden=\"true\" class=\"wp-block-spacer\"><\/div>\n\n\n\n<p>Diesen November veranstalten wir zum 13. Mal unser einw\u00f6chiges Herbsttanzfestival S\u0150T7 im Bethlen T\u00e9ri Theater in Zusammenarbeit mit dem Central European Dance Theatre.&nbsp;<\/p>\n\n\n\n<p>In den ersten Jahren konzentrierte sich das einw\u00f6chige Tanzfestival, das nach der Namensgeberin des Viertels, K\u00f6nigin Elisabeth - im Volksmund Sissi genannt -, organisiert wurde, auf hochkar\u00e4tige Auff\u00fchrungen des zeitgen\u00f6ssischen ungarischen Tanzes, und in den Jahren danach auf die Budapester Auftritte l\u00e4ndlicher Tanzkompanien. Das Konzept f\u00fcr 2024 konzentriert sich auf zwei wichtige Themen: die Kernaufgabe der Bethlen, n\u00e4mlich die F\u00f6rderung von Talenten, und die immer wichtiger werdenden internationalen Beziehungen, ohne dabei das Vorangegangene zu vergessen.<\/p>\n\n\n\n<div style=\"height:35px\" aria-hidden=\"true\" class=\"wp-block-spacer\"><\/div>\n\n\n\n<div class=\"wp-block-buttons is-content-justification-center is-layout-flex wp-container-core-buttons-is-layout-a89b3969 wp-block-buttons-is-layout-flex\">\n<div class=\"wp-block-button\"><a class=\"wp-block-button__link wp-element-button\" href=\"https:\/\/bethlenszinhaz.jegyx1.hu\/kereses\/eloadas\">Tickets kaufen<\/a><\/div>\n<\/div>\n\n\n\n<p><strong>Programm<\/strong><\/p>\n\n\n\n<div class=\"wp-block-media-text is-stacked-on-mobile\"><figure class=\"wp-block-media-text__media\"><img decoding=\"async\" width=\"1024\" height=\"576\" src=\"https:\/\/cedt.hu\/wp-content\/uploads\/2024\/11\/honlap-10-31-kiallitas-1-1024x576.jpeg\" alt=\"\" class=\"wp-image-13889 size-full\" srcset=\"https:\/\/cedt.hu\/wp-content\/uploads\/2024\/11\/honlap-10-31-kiallitas-1-1024x576.jpeg 1024w, https:\/\/cedt.hu\/wp-content\/uploads\/2024\/11\/honlap-10-31-kiallitas-1-300x169.jpeg 300w, https:\/\/cedt.hu\/wp-content\/uploads\/2024\/11\/honlap-10-31-kiallitas-1-768x432.jpeg 768w, https:\/\/cedt.hu\/wp-content\/uploads\/2024\/11\/honlap-10-31-kiallitas-1-1536x864.jpeg 1536w, https:\/\/cedt.hu\/wp-content\/uploads\/2024\/11\/honlap-10-31-kiallitas-1-400x225.jpeg 400w, https:\/\/cedt.hu\/wp-content\/uploads\/2024\/11\/honlap-10-31-kiallitas-1-20x11.jpeg 20w, https:\/\/cedt.hu\/wp-content\/uploads\/2024\/11\/honlap-10-31-kiallitas-1.jpeg 1600w\" sizes=\"(max-width: 1024px) 100vw, 1024px\" \/><\/figure><div class=\"wp-block-media-text__content\">\n<p>T\u00f3th R<a href=\"https:\/\/www.bethlenszinhaz.hu\/musor\/toth-richard-festmenykiallitasa\/?occurrence=2024-10-31\">ich\u00e1rd-Malereiausstellung | S\u0150T7 Begleitprogramm<\/a><\/p>\n<\/div><\/div>\n\n\n\n<div class=\"wp-block-media-text is-stacked-on-mobile\"><figure class=\"wp-block-media-text__media\"><img decoding=\"async\" width=\"1024\" height=\"576\" src=\"https:\/\/cedt.hu\/wp-content\/uploads\/2024\/11\/honlap-11-15-dusa-1-1024x576.jpeg\" alt=\"\" class=\"wp-image-13899 size-full\" srcset=\"https:\/\/cedt.hu\/wp-content\/uploads\/2024\/11\/honlap-11-15-dusa-1-1024x576.jpeg 1024w, https:\/\/cedt.hu\/wp-content\/uploads\/2024\/11\/honlap-11-15-dusa-1-300x169.jpeg 300w, https:\/\/cedt.hu\/wp-content\/uploads\/2024\/11\/honlap-11-15-dusa-1-768x432.jpeg 768w, https:\/\/cedt.hu\/wp-content\/uploads\/2024\/11\/honlap-11-15-dusa-1-400x225.jpeg 400w, https:\/\/cedt.hu\/wp-content\/uploads\/2024\/11\/honlap-11-15-dusa-1-20x11.jpeg 20w, https:\/\/cedt.hu\/wp-content\/uploads\/2024\/11\/honlap-11-15-dusa-1.jpeg 1200w\" sizes=\"(max-width: 1024px) 100vw, 1024px\" \/><\/figure><div class=\"wp-block-media-text__content\">\n<p>G\u00e1bor Dusa:<a href=\"https:\/\/www.bethlenszinhaz.hu\/musor\/dusa-gabor-kitekintes-bausch-tol-vertigo-ig-sot7-kiseroprogram\/?occurrence=2024-11-15\"> Vorschau - Bausch to Vertigo Fotoausstellung | S\u0150T7 Begleitprogramm<\/a><\/p>\n<\/div><\/div>\n\n\n\n<div class=\"wp-block-media-text is-stacked-on-mobile\"><figure class=\"wp-block-media-text__media\"><img loading=\"lazy\" decoding=\"async\" width=\"1024\" height=\"576\" src=\"https:\/\/cedt.hu\/wp-content\/uploads\/2024\/11\/honlap-11-15-edh-1024x576.jpeg\" alt=\"\" class=\"wp-image-13905 size-full\" srcset=\"https:\/\/cedt.hu\/wp-content\/uploads\/2024\/11\/honlap-11-15-edh-1024x576.jpeg 1024w, https:\/\/cedt.hu\/wp-content\/uploads\/2024\/11\/honlap-11-15-edh-300x169.jpeg 300w, https:\/\/cedt.hu\/wp-content\/uploads\/2024\/11\/honlap-11-15-edh-768x432.jpeg 768w, https:\/\/cedt.hu\/wp-content\/uploads\/2024\/11\/honlap-11-15-edh-400x225.jpeg 400w, https:\/\/cedt.hu\/wp-content\/uploads\/2024\/11\/honlap-11-15-edh-20x11.jpeg 20w, https:\/\/cedt.hu\/wp-content\/uploads\/2024\/11\/honlap-11-15-edh.jpeg 1200w\" sizes=\"(max-width: 1024px) 100vw, 1024px\" \/><\/figure><div class=\"wp-block-media-text__content\">\n<p>Budapest<a href=\"https:\/\/cedt.hu\/de\/edh\/\">est Dance Hack Demonstration<\/a><\/p>\n\n\n\n<div class=\"wp-block-buttons is-layout-flex wp-block-buttons-is-layout-flex\">\n<div class=\"wp-block-button\"><a class=\"wp-block-button__link wp-element-button\" href=\"https:\/\/bethlenszinhaz.jegyx1.hu\/eloadas\/3841\/budapest-dance-hack-demonstracio\">Tickets kaufen<\/a><\/div>\n<\/div>\n<\/div><\/div>\n\n\n\n<div class=\"wp-block-media-text is-stacked-on-mobile\"><figure class=\"wp-block-media-text__media\"><img loading=\"lazy\" decoding=\"async\" width=\"1024\" height=\"576\" src=\"https:\/\/cedt.hu\/wp-content\/uploads\/2024\/11\/honlap-11-16-krakko-1-1024x576.jpeg\" alt=\"\" class=\"wp-image-13911 size-full\" srcset=\"https:\/\/cedt.hu\/wp-content\/uploads\/2024\/11\/honlap-11-16-krakko-1-1024x576.jpeg 1024w, https:\/\/cedt.hu\/wp-content\/uploads\/2024\/11\/honlap-11-16-krakko-1-300x169.jpeg 300w, https:\/\/cedt.hu\/wp-content\/uploads\/2024\/11\/honlap-11-16-krakko-1-768x432.jpeg 768w, https:\/\/cedt.hu\/wp-content\/uploads\/2024\/11\/honlap-11-16-krakko-1-1536x864.jpeg 1536w, https:\/\/cedt.hu\/wp-content\/uploads\/2024\/11\/honlap-11-16-krakko-1-400x225.jpeg 400w, https:\/\/cedt.hu\/wp-content\/uploads\/2024\/11\/honlap-11-16-krakko-1-20x11.jpeg 20w, https:\/\/cedt.hu\/wp-content\/uploads\/2024\/11\/honlap-11-16-krakko-1.jpeg 1600w\" sizes=\"(max-width: 1024px) 100vw, 1024px\" \/><\/figure><div class=\"wp-block-media-text__content\">\n<p>K<a href=\"https:\/\/www.bethlenszinhaz.hu\/musor\/milan-tomasik-treatise\/?occurrence=2024-11-16\">rakow Dance Theatre (PL): Abhandlung<\/a><\/p>\n\n\n\n<div class=\"wp-block-buttons is-layout-flex wp-block-buttons-is-layout-flex\">\n<div class=\"wp-block-button\"><a class=\"wp-block-button__link wp-element-button\" href=\"https:\/\/bethlenszinhaz.jegyx1.hu\/eloadas\/3792\/milan-toma%C5%A1ik-treatise\">Tickets kaufen<\/a><\/div>\n<\/div>\n<\/div><\/div>\n\n\n\n<div class=\"wp-block-media-text is-stacked-on-mobile\"><figure class=\"wp-block-media-text__media\"><img loading=\"lazy\" decoding=\"async\" width=\"1024\" height=\"576\" src=\"https:\/\/cedt.hu\/wp-content\/uploads\/2024\/11\/honlap-11-17-dcl-1-1024x576.jpeg\" alt=\"\" class=\"wp-image-13917 size-full\" srcset=\"https:\/\/cedt.hu\/wp-content\/uploads\/2024\/11\/honlap-11-17-dcl-1-1024x576.jpeg 1024w, https:\/\/cedt.hu\/wp-content\/uploads\/2024\/11\/honlap-11-17-dcl-1-300x169.jpeg 300w, https:\/\/cedt.hu\/wp-content\/uploads\/2024\/11\/honlap-11-17-dcl-1-768x432.jpeg 768w, https:\/\/cedt.hu\/wp-content\/uploads\/2024\/11\/honlap-11-17-dcl-1-1536x864.jpeg 1536w, https:\/\/cedt.hu\/wp-content\/uploads\/2024\/11\/honlap-11-17-dcl-1-400x225.jpeg 400w, https:\/\/cedt.hu\/wp-content\/uploads\/2024\/11\/honlap-11-17-dcl-1-20x11.jpeg 20w, https:\/\/cedt.hu\/wp-content\/uploads\/2024\/11\/honlap-11-17-dcl-1.jpeg 1600w\" sizes=\"(max-width: 1024px) 100vw, 1024px\" \/><\/figure><div class=\"wp-block-media-text__content\">\n<p>DCL -<a href=\"https:\/\/www.bethlenszinhaz.hu\/musor\/dcl-dance-communication-lab-2\/?occurrence=2024-11-17\"> Tanz-Kommunikationslabor<\/a><\/p>\n<\/div><\/div>\n\n\n\n<div class=\"wp-block-media-text is-stacked-on-mobile\"><figure class=\"wp-block-media-text__media\"><img loading=\"lazy\" decoding=\"async\" width=\"1024\" height=\"576\" src=\"https:\/\/cedt.hu\/wp-content\/uploads\/2024\/11\/honlap-11-17-zagrab-1-1024x576.jpg\" alt=\"\" class=\"wp-image-13923 size-full\" srcset=\"https:\/\/cedt.hu\/wp-content\/uploads\/2024\/11\/honlap-11-17-zagrab-1-1024x576.jpg 1024w, https:\/\/cedt.hu\/wp-content\/uploads\/2024\/11\/honlap-11-17-zagrab-1-300x169.jpg 300w, https:\/\/cedt.hu\/wp-content\/uploads\/2024\/11\/honlap-11-17-zagrab-1-768x432.jpg 768w, https:\/\/cedt.hu\/wp-content\/uploads\/2024\/11\/honlap-11-17-zagrab-1-400x225.jpg 400w, https:\/\/cedt.hu\/wp-content\/uploads\/2024\/11\/honlap-11-17-zagrab-1-20x11.jpg 20w, https:\/\/cedt.hu\/wp-content\/uploads\/2024\/11\/honlap-11-17-zagrab-1.jpg 1200w\" sizes=\"(max-width: 1024px) 100vw, 1024px\" \/><\/figure><div class=\"wp-block-media-text__content\">\n<p>Studio <a href=\"https:\/\/www.bethlenszinhaz.hu\/musor\/ginevra-panzetti-es-enrico-ticconi-allarme\/?occurrence=2024-11-17\">Zeitgen\u00f6ssische Tanzkompanie (HR): All'arme<\/a><\/p>\n\n\n\n<div class=\"wp-block-buttons is-layout-flex wp-block-buttons-is-layout-flex\">\n<div class=\"wp-block-button\"><a class=\"wp-block-button__link wp-element-button\" href=\"https:\/\/bethlenszinhaz.jegyx1.hu\/eloadas\/3793\/ginevra-panzetti-enrico-ticconi-all-arm\">Tickets kaufen<\/a><\/div>\n<\/div>\n<\/div><\/div>\n\n\n\n<div class=\"wp-block-media-text is-stacked-on-mobile\"><figure class=\"wp-block-media-text__media\"><img loading=\"lazy\" decoding=\"async\" width=\"1024\" height=\"576\" src=\"https:\/\/cedt.hu\/wp-content\/uploads\/2024\/11\/honlap-11-18-antagon-1-1024x576.jpeg\" alt=\"\" class=\"wp-image-13929 size-full\" srcset=\"https:\/\/cedt.hu\/wp-content\/uploads\/2024\/11\/honlap-11-18-antagon-1-1024x576.jpeg 1024w, https:\/\/cedt.hu\/wp-content\/uploads\/2024\/11\/honlap-11-18-antagon-1-300x169.jpeg 300w, https:\/\/cedt.hu\/wp-content\/uploads\/2024\/11\/honlap-11-18-antagon-1-768x432.jpeg 768w, https:\/\/cedt.hu\/wp-content\/uploads\/2024\/11\/honlap-11-18-antagon-1-400x225.jpeg 400w, https:\/\/cedt.hu\/wp-content\/uploads\/2024\/11\/honlap-11-18-antagon-1-20x11.jpeg 20w, https:\/\/cedt.hu\/wp-content\/uploads\/2024\/11\/honlap-11-18-antagon-1.jpeg 1200w\" sizes=\"(max-width: 1024px) 100vw, 1024px\" \/><\/figure><div class=\"wp-block-media-text__content\">\n<p><a href=\"https:\/\/www.bethlenszinhaz.hu\/musor\/antagon-theateraktion-camara\/?occurrence=2024-11-18\">Antagon TheaterAKTion (DE): caMAR\u00e1<\/a><\/p>\n\n\n\n<div class=\"wp-block-buttons is-layout-flex wp-block-buttons-is-layout-flex\">\n<div class=\"wp-block-button\"><a class=\"wp-block-button__link wp-element-button\" href=\"https:\/\/bethlenszinhaz.jegyx1.hu\/eloadas\/3922\/antagon-theateraktion-camara\">Tickets kaufen<\/a><\/div>\n<\/div>\n<\/div><\/div>\n\n\n\n<div class=\"wp-block-media-text is-stacked-on-mobile\"><figure class=\"wp-block-media-text__media\"><img loading=\"lazy\" decoding=\"async\" width=\"1024\" height=\"576\" src=\"https:\/\/cedt.hu\/wp-content\/uploads\/2024\/11\/honlap-11-19-bihari-1-1024x576.jpeg\" alt=\"\" class=\"wp-image-13936 size-full\" srcset=\"https:\/\/cedt.hu\/wp-content\/uploads\/2024\/11\/honlap-11-19-bihari-1-1024x576.jpeg 1024w, https:\/\/cedt.hu\/wp-content\/uploads\/2024\/11\/honlap-11-19-bihari-1-300x169.jpeg 300w, https:\/\/cedt.hu\/wp-content\/uploads\/2024\/11\/honlap-11-19-bihari-1-768x432.jpeg 768w, https:\/\/cedt.hu\/wp-content\/uploads\/2024\/11\/honlap-11-19-bihari-1-1536x864.jpeg 1536w, https:\/\/cedt.hu\/wp-content\/uploads\/2024\/11\/honlap-11-19-bihari-1-400x225.jpeg 400w, https:\/\/cedt.hu\/wp-content\/uploads\/2024\/11\/honlap-11-19-bihari-1-20x11.jpeg 20w, https:\/\/cedt.hu\/wp-content\/uploads\/2024\/11\/honlap-11-19-bihari-1.jpeg 1600w\" sizes=\"(max-width: 1024px) 100vw, 1024px\" \/><\/figure><div class=\"wp-block-media-text__content\">\n<p><a href=\"https:\/\/www.bethlenszinhaz.hu\/musor\/bihari-janos-alapfoku-muveszeti-iskola-es-tancegyuttes-valjek-egeszsegukre\/?occurrence=2024-11-19\">J\u00e1nos-Bihari-Grundschule f\u00fcr Kunst und Tanz: W\u00c4HLT F\u00dcR EURE GESUNDHEIT!<\/a><\/p>\n\n\n\n<div class=\"wp-block-buttons is-layout-flex wp-block-buttons-is-layout-flex\">\n<div class=\"wp-block-button\"><a class=\"wp-block-button__link wp-element-button\" href=\"https:\/\/bethlenszinhaz.jegyx1.hu\/eloadas\/3878\/valjek-egeszsegukre\">Tickets kaufen<\/a><\/div>\n<\/div>\n<\/div><\/div>\n\n\n\n<div class=\"wp-block-media-text is-stacked-on-mobile\"><figure class=\"wp-block-media-text__media\"><img loading=\"lazy\" decoding=\"async\" width=\"1024\" height=\"576\" src=\"https:\/\/cedt.hu\/wp-content\/uploads\/2024\/11\/honlap-11-20-wiederkehr-1-1024x576.jpg\" alt=\"\" class=\"wp-image-13942 size-full\" srcset=\"https:\/\/cedt.hu\/wp-content\/uploads\/2024\/11\/honlap-11-20-wiederkehr-1-1024x576.jpg 1024w, https:\/\/cedt.hu\/wp-content\/uploads\/2024\/11\/honlap-11-20-wiederkehr-1-300x169.jpg 300w, https:\/\/cedt.hu\/wp-content\/uploads\/2024\/11\/honlap-11-20-wiederkehr-1-768x432.jpg 768w, https:\/\/cedt.hu\/wp-content\/uploads\/2024\/11\/honlap-11-20-wiederkehr-1-400x225.jpg 400w, https:\/\/cedt.hu\/wp-content\/uploads\/2024\/11\/honlap-11-20-wiederkehr-1-20x11.jpg 20w, https:\/\/cedt.hu\/wp-content\/uploads\/2024\/11\/honlap-11-20-wiederkehr-1.jpg 1200w\" sizes=\"(max-width: 1024px) 100vw, 1024px\" \/><\/figure><div class=\"wp-block-media-text__content\">\n<p>An<a href=\"https:\/\/www.bethlenszinhaz.hu\/musor\/totalitarian-body-kollektiv-wiederkehr\/?occurrence=2024-11-20\">talitarisches K\u00f6rperkollektiv (DE): R\u00fcckkehr<\/a><\/p>\n\n\n\n<div class=\"wp-block-buttons is-layout-flex wp-block-buttons-is-layout-flex\">\n<div class=\"wp-block-button\"><a class=\"wp-block-button__link wp-element-button\" href=\"https:\/\/bethlenszinhaz.jegyx1.hu\/eloadas\/3794\/totalitarian-body-kollektiv-wiederkehr\">Tickets kaufen<\/a><\/div>\n<\/div>\n<\/div><\/div>\n\n\n\n<div class=\"wp-block-media-text is-stacked-on-mobile\"><figure class=\"wp-block-media-text__media\"><img loading=\"lazy\" decoding=\"async\" width=\"1024\" height=\"576\" src=\"https:\/\/cedt.hu\/wp-content\/uploads\/2024\/11\/honlap-11-22-ikf-1-1024x576.jpeg\" alt=\"\" class=\"wp-image-13949 size-full\" srcset=\"https:\/\/cedt.hu\/wp-content\/uploads\/2024\/11\/honlap-11-22-ikf-1-1024x576.jpeg 1024w, https:\/\/cedt.hu\/wp-content\/uploads\/2024\/11\/honlap-11-22-ikf-1-300x169.jpeg 300w, https:\/\/cedt.hu\/wp-content\/uploads\/2024\/11\/honlap-11-22-ikf-1-768x432.jpeg 768w, https:\/\/cedt.hu\/wp-content\/uploads\/2024\/11\/honlap-11-22-ikf-1-1536x864.jpeg 1536w, https:\/\/cedt.hu\/wp-content\/uploads\/2024\/11\/honlap-11-22-ikf-1-400x225.jpeg 400w, https:\/\/cedt.hu\/wp-content\/uploads\/2024\/11\/honlap-11-22-ikf-1-20x11.jpeg 20w, https:\/\/cedt.hu\/wp-content\/uploads\/2024\/11\/honlap-11-22-ikf-1.jpeg 1600w\" sizes=\"(max-width: 1024px) 100vw, 1024px\" \/><\/figure><div class=\"wp-block-media-text__content\">\n<p><a href=\"https:\/\/www.bethlenszinhaz.hu\/musor\/gyevnar-reka-osztonrezdules-ifju-koreografusok-foruma\/?occurrence=2024-11-22\">R\u00e9ka Gyevn\u00e1r: Inspiration (XXVI. Forum junger Choreographen)<\/a><\/p>\n\n\n\n<div class=\"wp-block-buttons is-layout-flex wp-block-buttons-is-layout-flex\">\n<div class=\"wp-block-button\"><a class=\"wp-block-button__link wp-element-button\" href=\"https:\/\/bethlenszinhaz.jegyx1.hu\/eloadas\/3893\/gyevnar-reka-osztonrezdules-ikf\">Tickets kaufen<\/a><\/div>\n<\/div>\n<\/div><\/div>","protected":false},"excerpt":{"rendered":"<p>Id\u00e9n novemberben imm\u00e1r 13. alkalommal rendezz\u00fck meg a Bethlen T\u00e9ri Sz\u00ednh\u00e1zban, a K\u00f6z\u00e9p-Eur\u00f3pa T\u00e1ncsz\u00ednh\u00e1z szakmai egy\u00fcttm\u0171k\u00f6d\u00e9s\u00e9vel egyhetes \u0151szi t\u00e1ncfesztiv\u00e1lunkat, a S\u0150T7-et.&nbsp; A ker\u00fclet n\u00e9vad\u00f3ja, Erzs\u00e9bet kir\u00e1lyn\u00e9 \u2013 n\u00e9pszer\u0171 nev\u00e9n Sissi \u2013 neve napja k\u00f6r\u00e9 szervezett egyhetes t\u00e1ncfesztiv\u00e1l m\u0171sora az els\u0151 \u00e9vekben a hazai kort\u00e1rst\u00e1nc\u00e9let n\u00edv\u00f3s el\u0151ad\u00e1sait, majd \u00e9vekig a vid\u00e9ki t\u00e1nct\u00e1rsulatok budapesti bemutatkoz\u00e1sait helyezte el\u0151t\u00e9rbe. [&hellip;]<\/p>\n","protected":false},"author":12,"featured_media":0,"parent":0,"menu_order":0,"comment_status":"closed","ping_status":"closed","template":"","meta":{"footnotes":""},"class_list":["post-13788","page","type-page","status-publish","hentry"],"_links":{"self":[{"href":"https:\/\/cedt.hu\/de\/wp-json\/wp\/v2\/pages\/13788","targetHints":{"allow":["GET"]}}],"collection":[{"href":"https:\/\/cedt.hu\/de\/wp-json\/wp\/v2\/pages"}],"about":[{"href":"https:\/\/cedt.hu\/de\/wp-json\/wp\/v2\/types\/page"}],"author":[{"embeddable":true,"href":"https:\/\/cedt.hu\/de\/wp-json\/wp\/v2\/users\/12"}],"replies":[{"embeddable":true,"href":"https:\/\/cedt.hu\/de\/wp-json\/wp\/v2\/comments?post=13788"}],"version-history":[{"count":0,"href":"https:\/\/cedt.hu\/de\/wp-json\/wp\/v2\/pages\/13788\/revisions"}],"wp:attachment":[{"href":"https:\/\/cedt.hu\/de\/wp-json\/wp\/v2\/media?parent=13788"}],"curies":[{"name":"wp","href":"https:\/\/api.w.org\/{rel}","templated":true}]}}