{"id":12987,"date":"2024-08-26T12:03:34","date_gmt":"2024-08-26T12:03:34","guid":{"rendered":"https:\/\/cedt.hu\/?page_id=12987\/"},"modified":"2024-08-26T12:38:33","modified_gmt":"2024-08-26T12:38:33","slug":"input-feszt-2024","status":"publish","type":"page","link":"https:\/\/cedt.hu\/de\/input-feszt-2024\/","title":{"rendered":"INPUT FEST 2024"},"content":{"rendered":"<p class=\"has-text-align-center\"><strong>Die Saison 2024\/2025 beginnt mit 40 Programmen an mehr als 10 Spielorten in fast 10 Tagen!<\/strong>&nbsp;<br>&nbsp;<br><strong>Vom 13. bis 22. September findet zum ersten Mal das INPUT FESTIVAL statt, bei dem in f\u00fcnf Bezirken der Hauptstadt innovative integrative R\u00e4ume vorgestellt werden, die vor fast einem Jahr von einem Berufsverband gegr\u00fcndet wurden.<\/strong>&nbsp;<br>&nbsp;<br>In der letzten Saison war die&nbsp;<a href=\"https:\/\/juranyihaz.hu\/hu\/hir\/input\" target=\"_blank\" rel=\"noreferrer noopener\"><strong>EINGABE<\/strong><\/a>&nbsp;Das Unternehmen hat im Hintergrund eine Menge professioneller Arbeit geleistet. Das September-Festival entstand aus dem Deb\u00fct von INPUT und der Abwesenheit des regul\u00e4ren Saisoner\u00f6ffnungsfestivals in der Andr\u00e1ssy-Allee in den fr\u00fchen 2000er Jahren. Die Veranstaltungsorte bereiten ein Programm vor, das auf ihren Betrieb und ihr Profil zugeschnitten ist. Bei der Zusammenstellung der Programme sind Begriffe sichtbar geworden, die f\u00fcr alle Einrichtungen gleicherma\u00dfen wichtig sind, und es werden Diskussionen zu diesen Themen gef\u00fchrt. Dazu geh\u00f6ren Bildung, die Pr\u00e4senz von Technologie in den darstellenden K\u00fcnsten, nachhaltiger, gr\u00fcner Betrieb, Frauenschicksale und -energien sowie gemeinschaftliches\/partizipatives Theater. Das Festival wird hinsichtlich des Genres und der Teilnehmer sehr vielf\u00e4ltig sein und reicht von Prosast\u00fccken \u00fcber zeitgen\u00f6ssischen Tanz und Bewegungskunst bis hin zu neuem Zirkus, von K\u00fcnstlern und Kunststudenten bis hin zu Gemeinschaftstheater.&nbsp;<br>&nbsp;<br>Ziel des Festivals ist es auch, die kulturelle Lebendigkeit eines Stadtteils durch seine Orte zu zeigen, da diese die Basisinstitutionen und -orte sind, die einer Stadt ihre kulturelle Identit\u00e4t verleihen k\u00f6nnen, daher war es auch wichtig, sich an jedem Tag auf einen bestimmten Stadtteil zu konzentrieren.&nbsp;<\/p>\n\n\n\n<p>Das vollst\u00e4ndige Programm des Festivals ist auf der Website des Jura House zu finden:&nbsp;<br><a href=\"https:\/\/juranyihaz.hu\/hu\/hir\/inputfeszt2024\">https:\/\/juranyihaz.hu\/hu\/hir\/inputfeszt2024<\/a><\/p>","protected":false},"excerpt":{"rendered":"<p>T\u00f6bb mint 10 helysz\u00ednen k\u00f6zel 10 nap alatt 40 programmal indul a 2024\/2025-\u00f6s \u00e9vad!&nbsp;&nbsp;Szeptember 13-a \u00e9s 22-e k\u00f6z\u00f6tt el\u0151sz\u00f6r ker\u00fcl megrendez\u00e9sre az INPUT FESZT, amely sor\u00e1n \u00f6t f\u0151v\u00e1rosi ker\u00fcletben mutatkoznak be a lassan egy \u00e9ve szakmai t\u00e1rsas\u00e1got alap\u00edtott innovat\u00edv befogad\u00f3 terek.&nbsp;&nbsp;Az elm\u00falt \u00e9vadban az&nbsp;INPUT&nbsp;t\u00e1rsas\u00e1g a h\u00e1tt\u00e9rben jelent\u0151s szakmai munk\u00e1t folytatott. A szeptemberi fesztiv\u00e1lt az INPUT [&hellip;]<\/p>\n","protected":false},"author":12,"featured_media":0,"parent":0,"menu_order":0,"comment_status":"closed","ping_status":"closed","template":"","meta":{"footnotes":""},"class_list":["post-12987","page","type-page","status-publish","hentry"],"_links":{"self":[{"href":"https:\/\/cedt.hu\/de\/wp-json\/wp\/v2\/pages\/12987","targetHints":{"allow":["GET"]}}],"collection":[{"href":"https:\/\/cedt.hu\/de\/wp-json\/wp\/v2\/pages"}],"about":[{"href":"https:\/\/cedt.hu\/de\/wp-json\/wp\/v2\/types\/page"}],"author":[{"embeddable":true,"href":"https:\/\/cedt.hu\/de\/wp-json\/wp\/v2\/users\/12"}],"replies":[{"embeddable":true,"href":"https:\/\/cedt.hu\/de\/wp-json\/wp\/v2\/comments?post=12987"}],"version-history":[{"count":0,"href":"https:\/\/cedt.hu\/de\/wp-json\/wp\/v2\/pages\/12987\/revisions"}],"wp:attachment":[{"href":"https:\/\/cedt.hu\/de\/wp-json\/wp\/v2\/media?parent=12987"}],"curies":[{"name":"wp","href":"https:\/\/api.w.org\/{rel}","templated":true}]}}