{"id":12581,"date":"2024-06-28T16:25:19","date_gmt":"2024-06-28T16:25:19","guid":{"rendered":"https:\/\/cedt.hu\/?page_id=12581\/"},"modified":"2024-06-28T16:25:19","modified_gmt":"2024-06-28T16:25:19","slug":"edh-open-call-faq","status":"publish","type":"page","link":"https:\/\/cedt.hu\/de\/edh-open-call-faq\/","title":{"rendered":"EDH - OFFENE AUFFORDERUNG - FAQ"},"content":{"rendered":"<p>F: Muss ich mich f\u00fcr alle drei Dance Hacks des EU Dance Hack-Projekts bewerben?<\/p>\n\n\n\n<p>A: Nein, Sie bewerben sich nur f\u00fcr einen - alle Hacks haben individuelle Bewerbungsverfahren.&nbsp;<\/p>\n\n\n\n<p>F: K\u00f6nnen wir uns als Gruppe bewerben?<\/p>\n\n\n\n<p>A: Nein, diese offene Aufforderung richtet sich an Einzelpersonen.<\/p>\n\n\n\n<p>F: Kann ich dorthin fliegen, wenn ich meinen Flug selbst bezahle?<\/p>\n\n\n\n<p>A: Leider k\u00f6nnen wir Flugreisen nicht ohne Ausnahmen zulassen. Wenn Sie empfehlen, mit dem Auto durch Europa zu reisen, werden wir ebenfalls sehr skeptisch sein.&nbsp;<\/p>\n\n\n\n<p>F: Was wird f\u00fcr langsames Reisen empfohlen?<\/p>\n\n\n\n<p>A: Mit allen \u00f6ffentlichen Verkehrsmitteln (Busse, Z\u00fcge, sogar Boote). Beachten Sie, dass Sie Ihre Anreise zu BPDH24 selbst planen m\u00fcssen. Wir k\u00f6nnen Ihnen einige Vorschl\u00e4ge machen, aber nicht die gesamte Reise organisieren.<\/p>\n\n\n\n<p>F: Kann ich meine eigene Arbeit beim Budapest Dance Hack auff\u00fchren?<\/p>\n\n\n\n<p>A: Nein. Budapest Dance Hack ist ein Residenzprogramm f\u00fcr Forschung. Teilnehmer, die an ihrem eigenen Projekt arbeiten oder bereits bestehende Arbeiten vervollst\u00e4ndigen wollen, sind die allerletzten, die wir willkommen hei\u00dfen wollen. Wir hoffen, dass jeder Teilnehmer mit einem offenen Geist und einer neugierigen Natur in Budapest ankommt - und wir freuen uns darauf, zu sehen, wohin die Woche uns alle f\u00fchrt.<\/p>\n\n\n\n<p>F: Kann ich mich mit besonderen Betreuungspflichten bewerben?<\/p>\n\n\n\n<p>A: Ja, wir k\u00f6nnen einen Bewerber mit besonderen Bed\u00fcrfnissen aufnehmen, da wir \u00fcber die notwendigen personellen und finanziellen Ressourcen verf\u00fcgen. Beispiele f\u00fcr Bewerber mit k\u00f6rperlichen Einschr\u00e4nkungen sind Personen, die auf einen Rollstuhl oder ein H\u00f6rger\u00e4t angewiesen sind, oder K\u00fcnstler, die kleine Kinder haben. Wir k\u00f6nnen zwar kein Honorar f\u00fcr die zus\u00e4tzliche Person zahlen, aber es sind gen\u00fcgend Mittel vorhanden, um ihren Transport, ihre Unterbringung und ihre t\u00e4glichen Ausgaben zu decken.<\/p>\n\n\n\n<p>F: Finanzielle Angelegenheiten?<\/p>\n\n\n\n<p>A: Jedes Mitglied erh\u00e4lt eine einmalige Bruttozahlung von 2000 Euro.&nbsp;<\/p>\n\n\n\n<p>F: Kann ich meine eigene Technologie zum Hack mitbringen?<br>A: Sie sind herzlich eingeladen, sich auf diese Weise zu beteiligen, wenn Sie etwas Einfaches mitbringen, das Sie mit den anderen Teilnehmern teilen oder ihnen vorf\u00fchren m\u00f6chten. In der Vergangenheit haben K\u00fcnstler Dinge wie Instrumente oder ein MoCap-System mitgebracht. Anstatt Systeme zu modifizieren, die bereits f\u00fcr fr\u00fchere Shows entwickelt wurden, laden wir alle ein, bei Null anzufangen und die Bewegung und die Medien gemeinsam zu entwerfen, sobald die Technologie demonstriert wurde und wenn wir uns entscheiden, etwas mit dieser speziellen Technologie zu schaffen.<\/p>\n\n\n\n<p>F: Muss ich bereits Erfahrung mit internationalen Aufenthaltsprogrammen haben?<\/p>\n\n\n\n<p>A: Wir m\u00f6chten ein vielf\u00e4ltiges, kreatives Team, sowohl individuell als auch als Gruppe, daher ist Erfahrung mit internationalen Residenzprogrammen nicht zwingend erforderlich, sondern nur von Vorteil.<\/p>","protected":false},"excerpt":{"rendered":"<p>Q: Am I applying to all three Dance Hacks in the EU Dance Hack project? A: No, you are applying to just one &#8211; all Hacks have individual application processes.&nbsp; Q: Can we apply as a group? A: No, this open call is for individuals. Q: If I pay for my own fare, can I [&hellip;]<\/p>\n","protected":false},"author":12,"featured_media":0,"parent":0,"menu_order":0,"comment_status":"closed","ping_status":"closed","template":"","meta":{"footnotes":""},"class_list":["post-12581","page","type-page","status-publish","hentry"],"_links":{"self":[{"href":"https:\/\/cedt.hu\/de\/wp-json\/wp\/v2\/pages\/12581","targetHints":{"allow":["GET"]}}],"collection":[{"href":"https:\/\/cedt.hu\/de\/wp-json\/wp\/v2\/pages"}],"about":[{"href":"https:\/\/cedt.hu\/de\/wp-json\/wp\/v2\/types\/page"}],"author":[{"embeddable":true,"href":"https:\/\/cedt.hu\/de\/wp-json\/wp\/v2\/users\/12"}],"replies":[{"embeddable":true,"href":"https:\/\/cedt.hu\/de\/wp-json\/wp\/v2\/comments?post=12581"}],"version-history":[{"count":0,"href":"https:\/\/cedt.hu\/de\/wp-json\/wp\/v2\/pages\/12581\/revisions"}],"wp:attachment":[{"href":"https:\/\/cedt.hu\/de\/wp-json\/wp\/v2\/media?parent=12581"}],"curies":[{"name":"wp","href":"https:\/\/api.w.org\/{rel}","templated":true}]}}