{"id":12401,"date":"2024-06-14T13:08:08","date_gmt":"2024-06-14T13:08:08","guid":{"rendered":"https:\/\/cedt.hu\/?page_id=12401\/"},"modified":"2024-06-22T09:52:33","modified_gmt":"2024-06-22T09:52:33","slug":"edh-budapest-open-call-faq","status":"publish","type":"page","link":"https:\/\/cedt.hu\/de\/edh-budapest-open-call-faq\/","title":{"rendered":"EDH Budapest Open Call FAQ"},"content":{"rendered":"<p><span style=\"font-weight: 400;\">F: Muss ich mich f\u00fcr alle drei Dance Hacks des EU Dance Hack-Projekts bewerben?<\/span><\/p>\n<p><span style=\"font-weight: 400;\">A: Nein, Sie bewerben sich nur f\u00fcr einen - alle Hacks haben individuelle Bewerbungsverfahren.\u00a0<\/span><\/p>\n<p>&nbsp;<\/p>\n<p><span style=\"font-weight: 400;\">F: K\u00f6nnen wir uns als Gruppe bewerben?<\/span><\/p>\n<p><span style=\"font-weight: 400;\">A: Nein, diese offene Aufforderung richtet sich an Einzelpersonen.<\/span><\/p>\n<p>&nbsp;<\/p>\n<p><span style=\"font-weight: 400;\">F: Kann ich dorthin fliegen, wenn ich meinen Flug selbst bezahle?<\/span><\/p>\n<p><span style=\"font-weight: 400;\">A: Leider k\u00f6nnen wir Flugreisen nicht ohne Ausnahmen zulassen. Wenn Sie empfehlen, mit dem Auto durch Europa zu reisen, werden wir ebenfalls sehr skeptisch sein.\u00a0<\/span><\/p>\n<p>&nbsp;<\/p>\n<p><span style=\"font-weight: 400;\">F: Was wird f\u00fcr langsames Reisen empfohlen?<\/span><\/p>\n<p><span style=\"font-weight: 400;\">A: Mit allen \u00f6ffentlichen Verkehrsmitteln (Busse, Z\u00fcge, sogar Boote). Beachten Sie, dass Sie Ihre Anreise zu BPDH24 selbst planen m\u00fcssen. Wir k\u00f6nnen Ihnen einige Vorschl\u00e4ge machen, aber nicht die gesamte Reise organisieren.<\/span><\/p>\n<p>&nbsp;<\/p>\n<p><span style=\"font-weight: 400;\">F: Kann ich meine eigene Arbeit beim Budapest Dance Hack auff\u00fchren?<\/span><\/p>\n<p><span style=\"font-weight: 400;\">A: Nein. Budapest Dance Hack ist ein Residenzprogramm f\u00fcr Forschung. Teilnehmer, die an ihrem eigenen Projekt arbeiten oder bereits bestehende Arbeiten vervollst\u00e4ndigen wollen, sind die allerletzten, die wir willkommen hei\u00dfen wollen. Wir hoffen, dass jeder Teilnehmer mit einem offenen Geist und einer neugierigen Natur in Budapest ankommt - und wir freuen uns darauf, zu sehen, wohin die Woche uns alle f\u00fchrt.<\/span><\/p>\n<p>&nbsp;<\/p>\n<p><span style=\"font-weight: 400;\">F: Kann ich mich mit besonderen Betreuungspflichten bewerben?<\/span><\/p>\n<p><span style=\"font-weight: 400;\">A: Ja, wir k\u00f6nnen einen Bewerber mit besonderen Bed\u00fcrfnissen aufnehmen, da wir \u00fcber die notwendigen personellen und finanziellen Ressourcen verf\u00fcgen. Beispiele f\u00fcr Bewerber mit k\u00f6rperlichen Einschr\u00e4nkungen sind Personen, die auf einen Rollstuhl oder ein H\u00f6rger\u00e4t angewiesen sind, oder K\u00fcnstler, die kleine Kinder haben. Wir k\u00f6nnen zwar kein Honorar f\u00fcr die zus\u00e4tzliche Person zahlen, aber es sind gen\u00fcgend Mittel vorhanden, um ihren Transport, ihre Unterbringung und ihre t\u00e4glichen Ausgaben zu decken.<\/span><\/p>\n<p>&nbsp;<\/p>\n<p><span style=\"font-weight: 400;\">F: Finanzielle Angelegenheiten?<\/span><\/p>\n<p><span style=\"font-weight: 400;\">A: Jedes Mitglied erh\u00e4lt eine einmalige Bruttozahlung von 2000 Euro.\u00a0<\/span><\/p>\n<p>&nbsp;<\/p>\n<p><span style=\"font-weight: 400;\">F: Kann ich meine eigene Technologie zum Hack mitbringen?<\/span><span style=\"font-weight: 400;\"><br \/>\n<\/span><span style=\"font-weight: 400;\">A: You are welcome to participate in this way if you have something simple to bring that you would like to share or demo <\/span><span style=\"font-weight: 400;\">t<\/span><span style=\"font-weight: 400;\">o the other participants. In the past, performers have brought things like instruments or a MoCap system. Rather than modifying systems that have already been developed for earlier shows, we invite everyone to start from scratch and design the movement and media together once the technology has been demonstrated and if we decide to create something using that specific technology.<\/span><\/p>\n<p>&nbsp;<\/p>\n<p><span style=\"font-weight: 400;\">F: Muss ich bereits Erfahrung mit internationalen Aufenthaltsprogrammen haben?<\/span><\/p>\n<p><span style=\"font-weight: 400;\">A: Wir m\u00f6chten ein vielf\u00e4ltiges, kreatives Team, sowohl individuell als auch als Gruppe, daher ist Erfahrung mit internationalen Residenzprogrammen nicht zwingend erforderlich, sondern nur von Vorteil.<\/span><\/p>\n<p>&nbsp;<\/p>","protected":false},"excerpt":{"rendered":"<p>Q: Am I applying to all three Dance Hacks in the EU Dance Hack project? A: No, you are applying to just one &#8211; all Hacks have individual application processes.\u00a0 &nbsp; Q: Can we apply as a group? A: No, this open call is for individuals. &nbsp; Q: If I pay for my own fare, [&hellip;]<\/p>\n","protected":false},"author":12,"featured_media":0,"parent":0,"menu_order":0,"comment_status":"closed","ping_status":"closed","template":"","meta":{"footnotes":""},"class_list":["post-12401","page","type-page","status-publish","hentry"],"_links":{"self":[{"href":"https:\/\/cedt.hu\/de\/wp-json\/wp\/v2\/pages\/12401","targetHints":{"allow":["GET"]}}],"collection":[{"href":"https:\/\/cedt.hu\/de\/wp-json\/wp\/v2\/pages"}],"about":[{"href":"https:\/\/cedt.hu\/de\/wp-json\/wp\/v2\/types\/page"}],"author":[{"embeddable":true,"href":"https:\/\/cedt.hu\/de\/wp-json\/wp\/v2\/users\/12"}],"replies":[{"embeddable":true,"href":"https:\/\/cedt.hu\/de\/wp-json\/wp\/v2\/comments?post=12401"}],"version-history":[{"count":0,"href":"https:\/\/cedt.hu\/de\/wp-json\/wp\/v2\/pages\/12401\/revisions"}],"wp:attachment":[{"href":"https:\/\/cedt.hu\/de\/wp-json\/wp\/v2\/media?parent=12401"}],"curies":[{"name":"wp","href":"https:\/\/api.w.org\/{rel}","templated":true}]}}