{"id":10945,"date":"2023-09-26T18:00:00","date_gmt":"2023-09-26T18:00:00","guid":{"rendered":"https:\/\/cedt.hu\/?page_id=10945\/"},"modified":"2023-09-26T14:29:21","modified_gmt":"2023-09-26T14:29:21","slug":"ifju-koreografusok-foruma-ikf-2023","status":"publish","type":"page","link":"https:\/\/cedt.hu\/de\/ifju-koreografusok-foruma-ikf-2023\/","title":{"rendered":"Forum junger Choreographen - IKF 2023 - AUFFORDERUNG ZUR BEWERBUNG"},"content":{"rendered":"<p>-- <em>F\u00fcr Englisch bitte nach unten scrollen<\/em> --<\/p>\n<p>&nbsp;<\/p>\n<p><strong>Forum junger Choreographen<\/strong> <strong>- IKF 2023<\/strong><\/p>\n<p><strong>Das Mitteleurop\u00e4ische Tanztheater freut sich, auch in diesem Jahr ank\u00fcndigen zu k\u00f6nnen, dass es <em>\u201eIKF 2023\u201d - Forum junger Choreographen<\/em> eine offene Aufforderung zur Einreichung von Bewerbungen unter dem Namen des Programms Talent. Dieses Jahr ist die 25. Ausgabe des\u00a0<\/strong><strong>werden wir den Urhebern die M\u00f6glichkeit geben, ihre Arbeiten zu zeigen. <\/strong><\/p>\n<p><strong>\u00a0<\/strong><\/p>\n<p>2013 hat sich das KET vorgenommen, eine neue Strategie zu entwickeln, um eine neue Grundlage f\u00fcr die Arbeit mit den j\u00fcngsten K\u00fcnstlern zu schaffen und neue Perspektiven f\u00fcr die Zusammenarbeit mit ihnen zu er\u00f6ffnen. Der Start des Talentprogramms hat die Notwendigkeit unserer Initiative best\u00e4tigt: 24 junge Choreografen, darunter auch internationale K\u00fcnstler, erhielten die M\u00f6glichkeit, ihre Arbeiten zu pr\u00e4sentieren: Bernadett Jobb\u00e1gy, Mil\u00e1n \u00dajv\u00e1ri, Gabriella P\u00e1lfi, Zolt\u00e1n Grecs\u00f3, Dorottya Ujsz\u00e1szi, Kinga Varga, J\u00falia Gyulai, G\u00e1bor Hal\u00e1sz, Judit Szamosi, Anik\u00f3 Kiss, Beatrix Simk\u00f3, P\u00e9ter Lajos T\u00fari, Krist\u00f3f Samu, Krisztina Szarvas, D\u00e1vid Mik\u00f3, Gyula Cserepes, Eva Urbanova (SK), Anna Miku\u0142a-Pawe\u0142 Urbanowicz (PL), Magda Niedzielska (PL), Csilla Nagy, Rita G\u00f3bi und zwei T\u00e4nzer des KET, Kriszti\u00e1n Barna und D\u00e1vid Dab\u00f3czi.<\/p>\n<p>Viele der aufgef\u00fchrten jungen K\u00fcnstler wurden eingeladen, eigenst\u00e4ndige Werke f\u00fcr das KET zu schaffen. Im Jahr 2017 wurde Beatrix Simk\u00f3s Demonstration f\u00fcr den Rudolf-L\u00e1b\u00e1n-Preis nominiert, und 2023 wurde Magda Niedzielskas Kreation f\u00fcr die zehnte Theaterolympiade ausgew\u00e4hlt.<\/p>\n<p>Der Gewinner hat die M\u00f6glichkeit, einen Abend im <em>Sissi Herbsttanz<\/em> im Rahmen des KET zu arbeiten: Wir stellen Ihnen die KET-Truppe und einen Proberaum zur Verf\u00fcgung, in dem Sie eine Woche lang unter professioneller Anleitung mit den K\u00fcnstlern arbeiten k\u00f6nnen. Am Ende der Woche wird die Arbeit in einer \u00f6ffentlichen Vorf\u00fchrung im Bethlen T\u00e9ri Theater pr\u00e4sentiert, bei der die Techniker und Technikerinnen des Theaters zur Verf\u00fcgung stehen. Die fertige Choreografie wird in einer Fotodokumentation festgehalten, die den jungen K\u00fcnstlern bei k\u00fcnftigen Wettbewerben als Referenz dienen wird. Dar\u00fcber hinaus werden vor dem einw\u00f6chigen Probenprozess weitere Gelegenheiten zur Vorbereitung der Vorf\u00fchrung in Form von Trainingseinheiten f\u00fcr die T\u00e4nzerinnen und T\u00e4nzer angeboten, bei denen die Darsteller die Bewegungswelt der jungen Choreographen kennen lernen, w\u00e4hrend die Macher die Tanzk\u00fcnstler des Programms kennen lernen.<\/p>\n<p>&nbsp;<\/p>\n<p>F\u00fcnf Tage der Sch\u00f6pfung: 6. bis 10. November 2023.<\/p>\n<p>Ort der Demonstration: <em>Bethlen T\u00e9ri Theater<\/em><\/p>\n<p>Zeitpunkt der Demonstration: 11. November 2023.<\/p>\n<p>&nbsp;<\/p>\n<p>Liste des Antrags und der beizuf\u00fcgenden Unterlagen:<\/p>\n<ul>\n<li><em>Zusammenfassung<\/em><\/li>\n<li><em>Anzahl der Akteure<\/em><\/li>\n<li><em>beruflicher Lebenslauf<\/em><\/li>\n<li><em>fr\u00fchere Referenzen als T\u00e4nzer (und ggf. Sch\u00f6pfer) - <\/em>YouTube\u00a0<em>oder\u00a0<\/em>Vimeo<em>\u00a0Link<\/em><\/li>\n<li><em>Empfehlung von zwei bekannten K\u00fcnstlern<\/em><\/li>\n<\/ul>\n<p>&nbsp;<\/p>\n<p>Einreichungsfrist:\u00a0<strong>1. Oktober.\u00a0<em>Mitternacht\u00a0<\/em><\/strong><\/p>\n<p>Bekanntgabe der Ergebnisse:\u00a0<strong>12. Oktober,\u00a0<em>S\u00fcd<\/em><\/strong><\/p>\n<p>Der Bekanntgabe des Ergebnisses geht eine Pr\u00e4sentation des Projekts und des Durchf\u00fchrungsplans voraus!<\/p>\n<p>&nbsp;<\/p>\n<p>Bewerbungen werden erbeten an die <a href=\"https:\/\/forms.gle\/HmqRJQBRBkemAYbCA\">Google Formulare<\/a> Bitte laden Sie es auf die Seite hoch.<\/p>\n<p>Weitere Informationen: <a href=\"mailto:info@cedt.hu\">info@cedt.hu<\/a><\/p>\n<p>&nbsp;<\/p>\n<p><em>-- Englische Version unten --\u00a0<\/em><\/p>\n<p>&nbsp;<\/p>\n<p><strong>Plattform junger Choreographen - YCP 2023<\/strong><\/p>\n<p><strong>Das Mitteleurop\u00e4ische Tanztheater freut sich, auch in diesem Jahr eine offene Ausschreibung unter dem Namen \u201eIKF 2023\u201d - Forum junger Choreographen - zu ver\u00f6ffentlichen. In diesem Jahr geben wir zum 25. Mal einem jungen K\u00fcnstler die M\u00f6glichkeit, seine Arbeit zu pr\u00e4sentieren.<\/strong><\/p>\n<p>&nbsp;<\/p>\n<p>2013 hat sich das KET vorgenommen, eine neue Strategie zu entwickeln, um eine neue Grundlage f\u00fcr die Arbeit mit den j\u00fcngsten K\u00fcnstlern zu schaffen und neue Perspektiven f\u00fcr die Arbeit mit ihnen zu er\u00f6ffnen. Der Start des Talentprogramms hat die Notwendigkeit unserer Initiative best\u00e4tigt: 24 junge Choreographen haben bisher die M\u00f6glichkeit erhalten, ihre Arbeit zu pr\u00e4sentieren: Jobb\u00e1gy Bernadett, \u00dajv\u00e1ri Mil\u00e1n, P\u00e1lfi Gabriella, Grecs\u00f3 Zolt\u00e1n, Ujsz\u00e1szi Dorottya, Varga Kinga, Gyulai J\u00falia, Hal\u00e1sz G\u00e1bor, Szamosi Judit, Kiss Anik\u00f3, Simk\u00f3 Beatrix, T\u00fari Lajos P\u00e9ter, Samu Krist\u00f3f, Szarvas Krisztina, D\u00e1vid Mik\u00f3, Gyula Cserepes, Eva Urbanova (SK), Anna Miku\u0142a-Pawe\u0142 Urbanowicz (PL), Magda Niedzielska (PL), Csilla Nagy, Rita G\u00f3bi oder, au\u00dfer Konkurrenz, aber zwei KET-T\u00e4nzer, Kriszti\u00e1n Barna und D\u00e1vid Dab\u00f3czi. Wie Sie den Namen entnehmen k\u00f6nnen, wird das Talentf\u00f6rderungs- und Forschungsprogramm 2020 auf eine internationale Ebene gehoben.<\/p>\n<p>Viele der aufgef\u00fchrten jungen K\u00fcnstler wurden eingeladen, eigenst\u00e4ndige Werke f\u00fcr das KET zu schaffen. 2017 wurde Beatrix Simk\u00f3s Demonstration f\u00fcr den Rudolf-L\u00e1b\u00e1n-Preis nominiert und Magda Niedzielskas Kreation wurde f\u00fcr die 10.<\/p>\n<p>Der Gewinner erh\u00e4lt die M\u00f6glichkeit, eine Woche lang mit der KET-Kompanie und dem Proberaum zu arbeiten, und zwar w\u00e4hrend eines Abends im Rahmen des Sissi-Herbst-Tanzfestivals, wo er mit den Tanzk\u00fcnstlern unter professioneller Anleitung arbeitet. Am Ende der Woche wird die Arbeit in einer \u00f6ffentlichen Vorf\u00fchrung im Bethlen-T\u00e9ri-Theater pr\u00e4sentiert, bei der die Techniker und Techniker des Theaters zur Verf\u00fcgung stehen. Die fertige Choreografie wird in einer Fotodokumentation festgehalten, die den jungen K\u00fcnstlern bei k\u00fcnftigen Wettbewerben als Referenz dienen wird. Dar\u00fcber hinaus werden vor dem einw\u00f6chigen Probenprozess weitere Gelegenheiten zur Vorbereitung der Vorf\u00fchrung mit Trainingseinheiten f\u00fcr die T\u00e4nzer geboten, bei denen die Darsteller die eigene Bewegungswelt der jungen Choreografen kennen lernen, w\u00e4hrend die Macher auch die Tanzk\u00fcnstler des Programms kennen lernen.<\/p>\n<p>&nbsp;<\/p>\n<p><em>F\u00fcnf Tage der Sch\u00f6pfung:<\/em> 6-10. November 2023.<\/p>\n<p><em>Ort der Demonstration: <\/em>Theater am Bethlenplatz<\/p>\n<p><em>Zeitpunkt der Demonstration:<\/em> 11. November 2023<\/p>\n<p>&nbsp;<\/p>\n<p>Liste des Antrags und der beizuf\u00fcgenden Unterlagen:<\/p>\n<ul>\n<li><em>Zusammenfassung<\/em><\/li>\n<li><em>Anzahl der Teilnehmer<\/em><\/li>\n<li><em>Curriculum Vitae<\/em><\/li>\n<li><em>Referenzen als T\u00e4nzer (und Sch\u00f6pfer, falls vorhanden) - <\/em>YouTube<em> oder <\/em>Vimeo<em> Link<\/em><\/li>\n<li><em>Referenzen von zwei bekannten K\u00fcnstlern<\/em><\/li>\n<\/ul>\n<p>&nbsp;<\/p>\n<p>Frist f\u00fcr die Einreichung: <strong>1. Oktober, Mitternacht<\/strong><\/p>\n<p>Bekanntgabe der Ergebnisse: <strong>12. Oktober, mittags<\/strong><\/p>\n<p>Die Ergebnisse werden vor der Pr\u00e4sentation des Beitrags und des Durchf\u00fchrungsplans bekannt gegeben!<\/p>\n<p>&nbsp;<\/p>\n<p>Die Bewerbungen sind hochzuladen auf die Website <a href=\"https:\/\/forms.gle\/ZN2txYMSDa2KRQmF8\">Google Formulare<\/a> Seite.<\/p>\n<p>Weitere Informationen: <a href=\"mailto:info@cedt.hu\">info@cedt.hu<\/a><\/p>","protected":false},"excerpt":{"rendered":"<p>&#8212;&#8212; For English please scroll down &#8212;&#8212; &nbsp; Ifj\u00fa Koreogr\u00e1fusok F\u00f3ruma \u2013 IKF 2023 A K\u00f6z\u00e9p-Eur\u00f3pa T\u00e1ncsz\u00ednh\u00e1z \u00f6r\u00f6mmel jelenti be, hogy ebben az \u00e9vben is ki\u00edrja \u201eIKF 2023\u201d \u2013 Ifj\u00fa Koreogr\u00e1fusok F\u00f3ruma tehets\u00e9gprogram n\u00e9ven ny\u00edlt p\u00e1ly\u00e1zat\u00e1t. Id\u00e9n imm\u00e1r a 25. fiatal\u00a0alkot\u00f3nak adunk majd lehet\u0151s\u00e9get a be- \u00e9s megmutatkoz\u00e1s\u00e1ra. \u00a0 2013-ban \u00faj strat\u00e9gia kidolgoz\u00e1s\u00e1ra v\u00e1llalkozott a [&hellip;]<\/p>\n","protected":false},"author":7,"featured_media":10950,"parent":0,"menu_order":0,"comment_status":"open","ping_status":"closed","template":"","meta":{"footnotes":""},"class_list":["post-10945","page","type-page","status-publish","has-post-thumbnail","hentry"],"_links":{"self":[{"href":"https:\/\/cedt.hu\/de\/wp-json\/wp\/v2\/pages\/10945","targetHints":{"allow":["GET"]}}],"collection":[{"href":"https:\/\/cedt.hu\/de\/wp-json\/wp\/v2\/pages"}],"about":[{"href":"https:\/\/cedt.hu\/de\/wp-json\/wp\/v2\/types\/page"}],"author":[{"embeddable":true,"href":"https:\/\/cedt.hu\/de\/wp-json\/wp\/v2\/users\/7"}],"replies":[{"embeddable":true,"href":"https:\/\/cedt.hu\/de\/wp-json\/wp\/v2\/comments?post=10945"}],"version-history":[{"count":0,"href":"https:\/\/cedt.hu\/de\/wp-json\/wp\/v2\/pages\/10945\/revisions"}],"wp:featuredmedia":[{"embeddable":true,"href":"https:\/\/cedt.hu\/de\/wp-json\/wp\/v2\/media\/10950"}],"wp:attachment":[{"href":"https:\/\/cedt.hu\/de\/wp-json\/wp\/v2\/media?parent=10945"}],"curies":[{"name":"wp","href":"https:\/\/api.w.org\/{rel}","templated":true}]}}